{"id":2,"date":"2024-08-17T14:19:36","date_gmt":"2024-08-17T14:19:36","guid":{"rendered":"https:\/\/upbeat-yalow.212-132-109-245.plesk.page\/?page_id=2"},"modified":"2024-08-20T21:55:32","modified_gmt":"2024-08-20T21:55:32","slug":"agb","status":"publish","type":"page","link":"https:\/\/rgbn-re.savo-lee.com\/en\/agb\/","title":{"rendered":"Terms &amp; Conditions"},"content":{"rendered":"<div data-elementor-type=\"wp-page\" data-elementor-id=\"2\" class=\"elementor elementor-2\" data-elementor-post-type=\"page\">\n\t\t\t\t<div class=\"elementor-element elementor-element-84f2942 e-flex e-con-boxed e-con e-parent\" data-id=\"84f2942\" data-element_type=\"container\">\n\t\t\t\t\t<div class=\"e-con-inner\">\n\t\t\t\t<div class=\"elementor-element elementor-element-58372a29 elementor-widget elementor-widget-text-editor\" data-id=\"58372a29\" data-element_type=\"widget\" data-widget_type=\"text-editor.default\">\n\t\t\t\t<div class=\"elementor-widget-container\">\n\t\t\t\t\t        <div class=\"elementor-text-editor elementor-clearfix\"><h3><strong>\u00a7 1 Definition<\/strong><\/h3><p><strong>\"Broker\"<\/strong> within the meaning of these General Terms and Conditions (GTC) is the <strong>Regenbogen Real Estate GmbH; <\/strong><strong>\"Client\"<\/strong> the owner within the meaning of this provision,<br \/>insofar as these GTC are included in the contract between the broker and the<br \/>owner or a prospective buyer,<br \/>insofar as these GTC govern the contract between the broker and the<br \/>owners should be involved.<\/p><p><strong>\"Main contract\"<\/strong> is the contract between the client<br \/>and its contractual partner for the transfer of ownership of<br \/>the object of purchase, as a rule therefore a notarized<br \/>Purchase agreement. The conclusion of a purchase agreement for the<br \/>The transfer of ownership of the object of purchase is<br \/>The granting of real or non-material shares or the<br \/>Transfer\/granting of a heritable building right; the same applies to<br \/>applies in the event that the seller<br \/>is a land holding company and the majority<br \/>shares in the company are acquired\/sold or<br \/>the acquisition in the context of foreclosure proceedings<br \/>by knockdown.<\/p><p><strong>\"Confidential information\"<\/strong> are those according to<br \/>hereinafter \u00a7 14 a.) and \"Authorized Persons\" are those<br \/>of \u00a7 14c. below).<\/p><p><strong>\u00a7 2 Dual activity<\/strong><br \/>The broker may act on behalf of both the owner and the<br \/>interested buyer in return for payment, insofar as the activity, for<br \/>which one party is limited to providing evidence. The<br \/>broker stands for strict impartiality in the event of a<br \/>double activity.<\/p><p><strong>\u00a7 3 Owner information, liability, limitation of liability<\/strong><br \/>The broker shall point out to the client as a prospective buyer that<br \/>that the information passed on by him to the<br \/>Purchase object from the owner or from a third party<br \/>third parties and are to be checked by him, the broker, on<br \/>have not been checked for accuracy. It is the responsibility of the<br \/>to verify the accuracy of this information.<br \/>check. The broker who only passes on this information,<br \/>assumes no liability for the correctness of the information.<br \/>The liability of the broker is limited to gross negligence or<br \/>limited to willful conduct.<\/p><p><strong>\u00a7 3 Information obligation for the owner as<\/strong><br \/><strong>Client<\/strong><br \/>If the client is the owner, he is obliged to inform the<br \/>Conclusion of the intended main contract stating the<br \/>Name and address of the intended contractual partner<br \/>to ask the broker whether the proof of the<br \/>intended contractual partner through its activities<br \/>was initiated.<\/p><p>The client as owner authorizes the broker to<br \/>Inspection of the land register and the land files, the<br \/>Insurance documents, building permit documents and<br \/>all other official files in which the object of sale<br \/>is documented, as well as to obtain information from the<br \/>property management. He also undertakes to provide the necessary<br \/>documents, such as existing rental agreements and - if available - an energy certificate, to the estate agent for the duration of this assignment<br \/>and to provide a copy to the broker and the broker's<br \/>to grant interested parties access to the property.<br \/>The client (owner) undertakes to pay the broker<br \/>immediately of any circumstances that could affect the<br \/>brokerage activities. This applies in particular<br \/>with regard to the abandonment or modification of the<br \/>Intention to sell.<\/p><p>Regenbogen Real Estate GmbH is entitled to<br \/>Presence at the conclusion of the main contract.<\/p><p><strong>\u00a7 4 Other sales partners<\/strong><br \/>The broker may only add further sales partners with the express<br \/>with the prior written or textual consent of the<br \/>Involve the client as seller.<\/p><p><strong>\u00a7 5 Origin of a commission claim<\/strong><br \/>The broker's claim to commission arises as soon as<br \/>of the evidence or the brokerage of the broker a<br \/>main contract regarding the named object of purchase or with<br \/>the proven prospective buyer with legal effect<br \/>has come about.<\/p><p>A main contract subject to commission does not exist if the<br \/>Acquisition by knockdown in a<br \/>foreclosure proceedings, and the<br \/>foreclosure proceedings already at the time of the<br \/>Proof (submission of the expos\u00e9\/documents)<br \/>ordered, and the broker has not given an explicit<br \/>has given notice of the forced sale.<br \/>If the main contract is concluded at terms other than those originally<br \/>conditions offered, this shall not affect the<br \/>Commission claim not.<\/p><p>In the event that the main contract is concluded with another<br \/>seller is concluded than originally agreed by the<br \/>broker is named to the client as the buyer, this does not affect<br \/>the commission claim, insofar as the object of purchase corresponds to the<br \/>buyer has been proven.<\/p><p><strong>\u00a7 6 Due date and commission claim<\/strong><br \/>The commission claim is paid upon conclusion of the main contract.<br \/>(usually a notarized purchase contract). The commission is due at the latest<br \/>payable on the day of conclusion of the contract against<br \/>Invoicing without any deductions.<\/p><p><strong>Commission rates<\/strong><br \/>a) Purchase For the purchase and sale of land and buildings<br \/>rights equivalent to real property, sale of house and<br \/>Real estate and owner-occupied apartments, based on<br \/>the total purchase price achieved and all associated<br \/>related ancillary services from the buyer 5.95%<br \/>incl. VAT.<\/p><p>b) Purchase and pre-emption rights In the case of agreements on purchase and<br \/>Pre-emption rights 1.19% incl. value-added tax, calculated<br \/>of the sales value or, in the absence of such, of the<br \/>Market value of the owner's property.<\/p><p>c) Rent and lease For rental and lease agreements for offices<br \/>and halls 2.97% incl. VAT gross monthly rent from the tenant\/lessee. For rental and<br \/>Lease agreements for stores 4.05% incl. VAT<br \/>Gross monthly rent from the tenant\/leaseholder.<\/p><p>d) Options and pre-leasing rights for agreements of<br \/>Options for expanding the area or extending it<br \/>term or, in the case of pre-letting agreements, a further<br \/>monthly rent from the tenant, irrespective of whether this<br \/>agreement independently or in a rental agreement with<br \/>fixed basic term.<\/p><p><strong>\u00a7 7 Prior knowledge<\/strong><br \/>If the opportunity proven by the estate agent to<br \/>conclusion of the main contract is already known, the<br \/>The client is obliged to provide written proof of the broker's<br \/>or in text form without delay.<\/p><p><strong>\u00a7 8 Offers\/information for the prospective buyer as<\/strong><br \/><strong>Client<\/strong><br \/>The offers made by the estate agent are based on the<br \/>information provided. The offers are made after<br \/>to the best of our knowledge and belief. They are subject to change and<br \/>not binding. Errors, prior sale or<br \/>We reserve the right to make interim lettings. For properties that<br \/>are in the process of foreclosure, the respective<br \/>enforcing creditor\/bank\/savings bank\/building society etc.<br \/>an ongoing auction procedure at any time provisionally or<br \/>terminate or discontinue its business activities permanently and thereby<br \/>the foreclosure sale date so that it can be canceled.<br \/>could ultimately not be acquired by you. The<br \/>Discontinuation of foreclosure proceedings remains<br \/>reserved.<\/p><p>The broker's liability is limited to intent and gross negligence.<br \/>negligence is limited in this respect.<\/p><p><strong>\u00a7 9 Replacement and follow-up transactions<\/strong><br \/>The client shall be obliged to pay a fee in accordance with the agreed<br \/>commission rates also applies to a replacement transaction. A<br \/>A replacement transaction is deemed to exist if, for example, an object<br \/>sale\/purchase was offered, the parties to the<br \/>main contract agree on a letting. In this case<br \/>the agreed commission is reduced\/increased in accordance with<br \/>rates listed above in \u00a7 6 depending on the type of<br \/>Main contract.<\/p><p>A replacement transaction is also deemed to exist if the client and<br \/>the contracting party has concluded a main contract for a service other than<br \/>Property originally offered for sale by the estate agent<br \/>This does not apply if the launch of the<br \/>main contract is not based on an activity of the broker.<br \/>A replacement transaction is also deemed to exist if the main contract is not<br \/>between the prices verified by the broker<br \/>However, the contract is concluded with the contractual partner via the<br \/>Property for sale proven by estate agent.<\/p><p>A replacement transaction also exists if the client with<br \/>the contractual partner a main contract for the purchase object<br \/>contract, but the legal nature of the main contract depends on the<br \/>legal nature, which the broker has proven, such as<br \/>e.g. a purchase object was for sale, is rented or<br \/>Instead of the transfer of ownership, a heritable building right<br \/>transferred.<\/p><p>In order to trigger the commission obligation for replacement transactions<br \/>It is not necessary that the main contract subject to commission,<br \/>with the originally planned main contract economically<br \/>equivalent as defined by the case law on the term \"equivalent\".<br \/>the conditions developed for economic identity<br \/>must be.<\/p><p><strong>\u00a7 10 Reimbursement of expenses<\/strong><br \/>Becomes the broker's chance to earn the commission,<br \/>as a result of a breach of contract and culpable behavior of the<br \/>client is thwarted, the client must<br \/>reimbursement of expenses; the same applies in the event that<br \/>the broker to terminate the contract for good cause<br \/>would be justified. Compensation for further damage<br \/>is not excluded by this.<\/p><p>The broker's expenses primarily include the costs for<br \/>Advertisements, expos\u00e9s, other brochures, placement in the<br \/>Internet, information signs and other specific information for this<br \/>funds spent on the project. Expenditure does not include the<br \/>general business expenses of the broker and his<br \/>own working time.<\/p><p>Travel by the broker and his employees with the<br \/>motor vehicle may be charged at EUR 0.52 per kilometer.<br \/>including the applicable statutory value added tax<br \/>to be reimbursed. For other expenses such as postage,<br \/>Telecommunications services, office supplies and<br \/>A lump sum of EUR 20.00 per month is charged for the time spent.<br \/>determined. The broker is at liberty to provide evidence,<br \/>that his specific expenses were higher in the individual case.<br \/>The client is at liberty to prove that the broker<br \/>lower expenses than the lump sum in the specific case<br \/>have been incurred. In any case, the reimbursement of expenses<br \/>limited to a maximum of 10 % of the commission attributable to the<br \/>broker has escaped.<\/p><h3><strong>\u00a7 11 Commission claim in the event of subsequent termination<\/strong><br \/><strong>of the main contract<\/strong><\/h3><p>The broker's entitlement to commission shall not lapse if the<br \/>proven or brokered main contract subsequently<br \/>canceled or reversed or mutually agreed upon<br \/>is canceled.<\/p><h3><strong>\u00a7 12 Consultation clause<\/strong><\/h3><p>Before concluding a main contract, the<br \/>the broker, stating the name and address of the broker.<br \/>address of the intended contractual partner.<br \/>This is intended to give the broker the opportunity to<br \/>check whether the main contract has been terminated as a result of its<br \/>brokerage activity has come about.<\/p><h3><strong>\u00a7 13 Data protection<\/strong><\/h3><p>The client consents to the broker processing data resulting from<br \/>this contract or the execution of the contract,<br \/>collects, processes and uses data and uses it in the required<br \/>to interested parties\/owners.<\/p><h3><strong>\u00a7 14 Confidentiality<\/strong><\/h3><p>a) All information about the object of purchase, the<br \/>the client, the estate agent, prospective buyers, the<br \/>main contract or this brokerage agreement, which the parties<br \/>mutually in the course of the fulfillment of this<br \/>brokerage agreement verbally, in writing, digitally or in<br \/>made available in any other form are confidential<br \/>(\"Confidential information\").<\/p><p>The following are not considered Confidential Information<br \/>Information with regard to which the party in text form<br \/>can prove that (i) it has already provided them with<br \/>Disclosure by the respective other party or by<br \/>third parties commissioned by the other party were known, or<br \/>(ii) they are known or accessible to the public without<br \/>that this was done in violation of these<br \/>Confidentiality agreement, against another<br \/>agreement or against applicable law,<br \/>or (iii) these are generally accepted by the other party by means of<br \/>written notification to the party to the<br \/>disclosure in relation to third parties.<\/p><p>b) The parties mutually undertake to keep Confidential Information<br \/>information in strict confidence and to treat all<br \/>to take the necessary measures to ensure the<br \/>maintain confidentiality.<\/p><p>c) Each party may only disclose Confidential Information<br \/>the following persons (\"Authorized Persons\")<br \/>only to the extent that it is necessary for the<br \/>to which the Authorized Persons have the Confidential<br \/>Information for the execution of the brokerage agreement<br \/>need to fulfill their obligations in this context<br \/>to be able to fulfill these requirements properly:<br \/>(i) Legal representatives, members of the executive bodies and<br \/>employees (\"representatives\") of the respective party,<br \/>(ii) Courts\/authorities, insofar as this is required by official\/judicial<br \/>is demanded from a party,<br \/>(iii) other third parties in the event of corresponding prior<br \/>consent - in text form - by the other party.<br \/>Party.<\/p><p>d) In the event that one of the parties has a claim against the other<br \/>Party the confidentiality of Confidential Information<br \/>culpably violated, this party is obliged to pay the respective<br \/>other party a contractual penalty 10 % of the amount of the<br \/>under agreed commission per violation,<br \/>up to a maximum of 100% of the amount stated under<br \/>Error! Reference source could not be found.<br \/>agreed commission; this contractual penalty will be<br \/>the actual damage and\/or to a<br \/>commission claim of the broker.<\/p><p>e) This confidentiality agreement shall remain effective for 2<br \/>year(s) after termination of this brokerage agreement.<\/p><h3><strong>\u00a7 Section 15 Severability clause<\/strong><\/h3><p>Should one or more of the above provisions<br \/>invalid or become invalid, the validity of the contract shall be<br \/>of the remaining provisions shall not be affected by this. This<br \/>also applies if part of a provision is invalid,<br \/>but another part is effective. The respective ineffective<br \/>provision is to be agreed between the parties by means of a<br \/>that serve the economic interests of the<br \/>the contracting parties and otherwise comes closest to the<br \/>does not run counter to contractual agreements.<\/p><h3><strong>\u00a7 16 Place of performance and jurisdiction<\/strong><\/h3><p>The place of performance and jurisdiction for registered traders is Bad<br \/>Homburg v. d. H.<\/p><\/div>\n        \t\t\t\t<\/div>\n\t\t\t\t<\/div>\n\t\t\t\t\t<\/div>\n\t\t\t\t<\/div>\n\t\t\t\t<\/div>","protected":false},"excerpt":{"rendered":"<p>\u00a7 1 Begriffsbestimmung \u201eMakler\u201c im Sinne dieser Allgemeinen Gesch\u00e4ftsbedingungen (AGB) ist die Regenbogen Real Estate GmbH; \u201eAuftraggeber\u201c im Sinne dieser Bestimmung der Eigent\u00fcmer,soweit diese AGB in den Vertrag zwischen dem Makler und demEigent\u00fcmer einbezogen werden oder ein Kaufinteressent,soweit diese AGB den Vertrag zwischen dem Makler und demEigent\u00fcmer einbezogen werden. \u201eHauptvertrag\u201c ist der Vertrag zwischen dem &hellip; <\/p>\n<p class=\"link-more\"><a href=\"https:\/\/rgbn-re.savo-lee.com\/en\/agb\/\" class=\"more-link\">Read More <span class=\"screen-reader-text\"> &#8222;AGB&#8220;<\/span><\/a><\/p>","protected":false},"author":1,"featured_media":0,"parent":0,"menu_order":0,"comment_status":"closed","ping_status":"open","template":"","meta":{"footnotes":""},"class_list":["post-2","page","type-page","status-publish","hentry"],"_links":{"self":[{"href":"https:\/\/rgbn-re.savo-lee.com\/en\/wp-json\/wp\/v2\/pages\/2","targetHints":{"allow":["GET"]}}],"collection":[{"href":"https:\/\/rgbn-re.savo-lee.com\/en\/wp-json\/wp\/v2\/pages"}],"about":[{"href":"https:\/\/rgbn-re.savo-lee.com\/en\/wp-json\/wp\/v2\/types\/page"}],"author":[{"embeddable":true,"href":"https:\/\/rgbn-re.savo-lee.com\/en\/wp-json\/wp\/v2\/users\/1"}],"replies":[{"embeddable":true,"href":"https:\/\/rgbn-re.savo-lee.com\/en\/wp-json\/wp\/v2\/comments?post=2"}],"version-history":[{"count":7,"href":"https:\/\/rgbn-re.savo-lee.com\/en\/wp-json\/wp\/v2\/pages\/2\/revisions"}],"predecessor-version":[{"id":6963,"href":"https:\/\/rgbn-re.savo-lee.com\/en\/wp-json\/wp\/v2\/pages\/2\/revisions\/6963"}],"wp:attachment":[{"href":"https:\/\/rgbn-re.savo-lee.com\/en\/wp-json\/wp\/v2\/media?parent=2"}],"curies":[{"name":"wp","href":"https:\/\/api.w.org\/{rel}","templated":true}]}}