{"id":2,"date":"2024-08-17T14:19:36","date_gmt":"2024-08-17T14:19:36","guid":{"rendered":"https:\/\/upbeat-yalow.212-132-109-245.plesk.page\/?page_id=2"},"modified":"2024-08-20T21:55:32","modified_gmt":"2024-08-20T21:55:32","slug":"agb","status":"publish","type":"page","link":"https:\/\/rgbn-re.savo-lee.com\/tr\/agb\/","title":{"rendered":"GTC"},"content":{"rendered":"<div data-elementor-type=\"wp-page\" data-elementor-id=\"2\" class=\"elementor elementor-2\" data-elementor-post-type=\"page\">\n\t\t\t\t<div class=\"elementor-element elementor-element-84f2942 e-flex e-con-boxed e-con e-parent\" data-id=\"84f2942\" data-element_type=\"container\">\n\t\t\t\t\t<div class=\"e-con-inner\">\n\t\t\t\t<div class=\"elementor-element elementor-element-58372a29 elementor-widget elementor-widget-text-editor\" data-id=\"58372a29\" data-element_type=\"widget\" data-widget_type=\"text-editor.default\">\n\t\t\t\t<div class=\"elementor-widget-container\">\n\t\t\t\t\t        <div class=\"elementor-text-editor elementor-clearfix\"><h3><strong>\u00a7 1 Tan\u0131m<\/strong><\/h3><p><strong>\"Broker\"<\/strong> bu Genel H\u00fck\u00fcm ve Ko\u015fullar\u0131n (G\u015eK) anlam\u0131 dahilinde <strong>Regenbogen Real Estate GmbH; <\/strong><strong>\"M\u00fc\u015fteri\"<\/strong> bu h\u00fckm\u00fcn anlam\u0131 dahilinde mal sahibidir,<br \/>Bu G\u015eK'nin broker ile al\u0131c\u0131 aras\u0131ndaki s\u00f6zle\u015fmeye dahil edildi\u011fi \u00f6l\u00e7\u00fcde<br \/>sahibi veya muhtemel bir al\u0131c\u0131,<br \/>Bu G\u015eK'nin broker ile al\u0131c\u0131 aras\u0131ndaki s\u00f6zle\u015fmeyi d\u00fczenledi\u011fi \u00f6l\u00e7\u00fcde<br \/>sahipleri de dahil olmal\u0131d\u0131r.<\/p><p><strong>\"Ana s\u00f6zle\u015fme\"<\/strong> m\u00fc\u015fteri ile m\u00fc\u015fteri aras\u0131ndaki s\u00f6zle\u015fmedir.<br \/>ve s\u00f6zle\u015fmeli orta\u011f\u0131n\u0131n m\u00fclkiyetinin devri i\u00e7in<br \/>sat\u0131n alma nesnesi, kural olarak bu nedenle noter onayl\u0131<br \/>Sat\u0131n alma anla\u015fmas\u0131. i\u00e7in bir sat\u0131n alma s\u00f6zle\u015fmesinin imzalanmas\u0131<br \/>Sat\u0131n al\u0131nan nesnenin m\u00fclkiyetinin devri<br \/>Ger\u00e7ek veya gayri maddi hisselerin verilmesi veya<br \/>miras yoluyla ge\u00e7en bir in\u015faat hakk\u0131n\u0131n devredilmesi\/verilmesi; ayn\u0131 durum<br \/>sat\u0131c\u0131n\u0131n a\u015fa\u011f\u0131daki durumlarda ge\u00e7erlidir<br \/>bir emlak holding \u015firketidir ve \u00e7o\u011funlu\u011fu<br \/>\u015firketteki hisseler sat\u0131n al\u0131n\u0131r\/sat\u0131l\u0131r veya<br \/>haciz i\u015flemleri ba\u011flam\u0131nda devralma<br \/>nakavtla.<\/p><p><strong>\"Gizli bilgi\"<\/strong> g\u00f6re olanlard\u0131r<br \/>bundan b\u00f6yle \u00a7 14 a. olarak an\u0131lacakt\u0131r) ve \"Yetkili Ki\u015filer\" \u015fu ki\u015filerdir<br \/>a\u015fa\u011f\u0131da \u00a7 14c.).<\/p><p><strong>\u00a7 2 \u0130kili faaliyet<\/strong><br \/>Emlak\u00e7\u0131 hem mal sahibi hem de mal sahibi ad\u0131na hareket edebilir.<br \/>ilgili al\u0131c\u0131ya \u00f6deme yap\u0131lmas\u0131 kar\u015f\u0131l\u0131\u011f\u0131nda, faaliyetin<br \/>bir taraf\u0131n kan\u0131t sunmakla s\u0131n\u0131rl\u0131 oldu\u011fu bir davad\u0131r. Bir taraf\u0131n<br \/>broker, bir su\u00e7 durumunda kat\u0131 bir tarafs\u0131zl\u0131\u011f\u0131 temsil eder.<br \/>\u00e7ifte faaliyet.<\/p><p><strong>\u00a7 3 Mal sahibi bilgileri, sorumluluk, sorumlulu\u011fun s\u0131n\u0131rland\u0131r\u0131lmas\u0131<\/strong><br \/>Emlak\u00e7\u0131, muhtemel bir al\u0131c\u0131 olarak m\u00fc\u015fteriye \u015funlar\u0131 belirtmelidir<br \/>onun taraf\u0131ndan aktar\u0131lan bilgilerin<br \/>M\u00fclk sahibinden veya \u00fc\u00e7\u00fcnc\u00fc bir taraftan sat\u0131n al\u0131nan m\u00fclk<br \/>\u00fc\u00e7\u00fcnc\u00fc \u015fah\u0131slar ve kendisi taraf\u0131ndan sa\u011flanacakt\u0131r.<br \/>do\u011fruluk a\u00e7\u0131s\u0131ndan kontrol edilmemi\u015ftir. Bu kontrollerin sorumlulu\u011fu<br \/>bu bilgilerin do\u011frulu\u011funu kontrol etmek i\u00e7in.<br \/>\u00c7ek. Sadece bu bilgileri aktaran komisyoncu,<br \/>bu bilgilerin do\u011frulu\u011fu konusunda hi\u00e7bir sorumluluk kabul etmez.<br \/>Brokerin sorumlulu\u011fu a\u011f\u0131r ihmal veya<br \/>kas\u0131tl\u0131 davran\u0131\u015flarla s\u0131n\u0131rl\u0131d\u0131r.<\/p><p><strong>\u00a7 3 Mal sahibi i\u00e7in bilgilendirme y\u00fck\u00fcml\u00fcl\u00fc\u011f\u00fc<\/strong><br \/><strong>M\u00fc\u015fteri<\/strong><br \/>M\u00fc\u015fteri mal sahibi ise, mal sahibini bilgilendirmekle y\u00fck\u00fcml\u00fcd\u00fcr.<br \/>Ama\u00e7lanan ana s\u00f6zle\u015fmenin a\u015fa\u011f\u0131daki hususlar\u0131 belirterek imzalanmas\u0131<br \/>Hedeflenen s\u00f6zle\u015fme orta\u011f\u0131n\u0131n ad\u0131 ve adresi<br \/>komisyoncuya kan\u0131tlar\u0131n do\u011fru olup olmad\u0131\u011f\u0131n\u0131 sormak i\u00e7in<br \/>faaliyetleri arac\u0131l\u0131\u011f\u0131yla ama\u00e7lanan s\u00f6zle\u015fme orta\u011f\u0131<br \/>ba\u015flat\u0131ld\u0131.<\/p><p>M\u00fc\u015fteri, mal sahibi olarak brokeri a\u015fa\u011f\u0131daki konularda yetkilendirir<br \/>Tapu sicilinin ve arazi dosyalar\u0131n\u0131n incelenmesi<br \/>Sigorta belgeleri, in\u015faat izin belgeleri ve<br \/>sat\u0131\u015f nesnesinin bulundu\u011fu di\u011fer t\u00fcm resmi dosyalar<br \/>belgelenmesinin yan\u0131 s\u0131ra, a\u015fa\u011f\u0131dakilerden bilgi edinmek i\u00e7in<br \/>m\u00fclk y\u00f6netimi. Ayr\u0131ca, m\u00fclk y\u00f6netimi i\u00e7in gerekli<br \/>Mevcut kira s\u00f6zle\u015fmeleri ve varsa enerji sertifikas\u0131 gibi belgelerin bu g\u00f6rev s\u00fcresince emlak\u00e7\u0131ya verilmesi<br \/>ve bir kopyas\u0131n\u0131 komisyoncuya ve komisyoncunun<br \/>ilgili taraflar\u0131n m\u00fclke eri\u015fimini sa\u011flamak i\u00e7in.<br \/>M\u00fc\u015fteri (mal sahibi) komisyoncuya \u00f6deme yapmay\u0131 taahh\u00fct eder<br \/>tehlikeye atabilecek herhangi bir durumdan derhal<br \/>arac\u0131l\u0131k faaliyetleri. Bu \u00f6zellikle a\u015fa\u011f\u0131dakiler i\u00e7in ge\u00e7erlidir<br \/>terk edilmesi veya de\u011fi\u015ftirilmesi ile ilgili olarak<br \/>Satma niyeti.<\/p><p>Regenbogen Real Estate GmbH \u015fu haklara sahiptir<br \/>Ana s\u00f6zle\u015fmenin bitiminde haz\u0131r bulunma.<\/p><p><strong>\u00a7 4 Di\u011fer sat\u0131\u015f ortaklar\u0131<\/strong><br \/>Broker, ba\u015fka sat\u0131\u015f ortaklar\u0131 ekleyebilmek i\u00e7in<br \/>\u00f6nceden yaz\u0131l\u0131 veya yaz\u0131l\u0131 onay\u0131 ile<br \/>M\u00fc\u015fteriyi sat\u0131c\u0131 olarak dahil edin.<\/p><p><strong>\u00a7 5 Bir komisyon talebinin kayna\u011f\u0131<\/strong><br \/>Komisyoncunun komisyon hakk\u0131 a\u015fa\u011f\u0131daki durumlarda do\u011far<br \/>veya komisyoncunun komisyonculu\u011fu.<br \/>belirtilen sat\u0131n alma nesnesi ile ilgili ana s\u00f6zle\u015fme veya<br \/>yasal etkiye sahip kan\u0131tlanm\u0131\u015f muhtemel al\u0131c\u0131<br \/>ortaya \u00e7\u0131kt\u0131.<\/p><p>A\u015fa\u011f\u0131daki durumlarda komisyona tabi bir ana s\u00f6zle\u015fme mevcut de\u011fildir<br \/>Nakavt yoluyla edinim<br \/>haciz i\u015flemleri ve<br \/>haciz i\u015flemleri s\u0131ras\u0131nda zaten<br \/>Kan\u0131t (serginin\/belgelerin sunulmas\u0131)<br \/>sipari\u015f edilmi\u015fse ve komisyoncu ekspres bir<br \/>zorunlu sat\u0131\u015fla ilgili bildirimde bulunmu\u015ftur.<br \/>Ana s\u00f6zle\u015fmenin ba\u015flang\u0131\u00e7ta belirlenen \u015fartlardan farkl\u0131 \u015fartlarda akdedilmesi halinde<br \/>teklif edilen ko\u015fullar, bu durumu etkilemeyecektir.<br \/>Komisyon bunu iddia etmiyor.<\/p><p>Ana s\u00f6zle\u015fmenin ba\u015fka bir s\u00f6zle\u015fme ile akdedilmesi durumunda<br \/>sat\u0131c\u0131 taraf\u0131ndan ba\u015flang\u0131\u00e7ta kararla\u015ft\u0131r\u0131landan daha<br \/>komisyoncu m\u00fc\u015fteriye al\u0131c\u0131 olarak bildirilirse, bu durum<br \/>sat\u0131n alma nesnesi a\u015fa\u011f\u0131dakilere kar\u015f\u0131l\u0131k geliyorsa komisyon talebi<br \/>al\u0131c\u0131 kan\u0131tlanm\u0131\u015ft\u0131r.<\/p><p><strong>\u00a7 6 Vade tarihi ve komisyon talebi<\/strong><br \/>Komisyon talebi, ana s\u00f6zle\u015fmenin imzalanmas\u0131n\u0131n ard\u0131ndan muhasebele\u015ftirilir.<br \/>(genellikle noter onayl\u0131 bir sat\u0131n alma s\u00f6zle\u015fmesi). Komisyonun en ge\u00e7 \u015fu tarihe kadar \u00f6denmesi gerekmektedir<br \/>s\u00f6zle\u015fmenin imzaland\u0131\u011f\u0131 g\u00fcn a\u015fa\u011f\u0131dakilere kar\u015f\u0131 \u00f6denecektir<br \/>Herhangi bir kesinti olmadan faturaland\u0131rma.<\/p><p><strong>Komisyon oranlar\u0131<\/strong><br \/>a) Sat\u0131n alma Arazi ve binalar\u0131n al\u0131m ve sat\u0131m\u0131 i\u00e7in<br \/>gayrimenkulle e\u015fde\u011fer haklar, ev sat\u0131\u015f\u0131 ve<br \/>Gayrimenkul ve m\u00fclk sahibi taraf\u0131ndan kullan\u0131lan daireler<br \/>ger\u00e7ekle\u015fen toplam sat\u0131n alma fiyat\u0131 ve ilgili t\u00fcm<br \/>al\u0131c\u0131dan ilgili yan hizmetler 5.95%<br \/>KDV dahil.<\/p><p>b) Sat\u0131n alma ve \u00f6nal\u0131m haklar\u0131 Sat\u0131n alma ve \u00f6nal\u0131m durumunda<br \/>\u00d6n al\u0131m haklar\u0131 1.19% katma de\u011fer vergisi dahil, hesaplanm\u0131\u015f<br \/>sat\u0131\u015f de\u011ferinin veya b\u00f6yle bir de\u011ferin bulunmamas\u0131 halinde<br \/>M\u00fclk sahibinin m\u00fclk\u00fcn\u00fcn piyasa de\u011feri.<\/p><p>c) Kira ve leasing Ofisler i\u00e7in kira ve leasing s\u00f6zle\u015fmeleri s\u00f6z konusu oldu\u011funda<br \/>ve salonlar i\u00e7in kirac\u0131dan ayl\u0131k br\u00fct KDV dahil 2.97% kira bedeli al\u0131nacakt\u0131r. Kira ve salonlar i\u00e7in<br \/>Ma\u011fazalar i\u00e7in kira s\u00f6zle\u015fmeleri 4.05% KDV dahil<br \/>Kirac\u0131dan\/kirac\u0131dan al\u0131nan br\u00fct ayl\u0131k kira.<\/p><p>d) A\u015fa\u011f\u0131daki s\u00f6zle\u015fmeler i\u00e7in opsiyonlar ve \u00f6n kirac\u0131l\u0131k haklar\u0131<br \/>Alan\u0131 geni\u015fletmek veya uzatmak i\u00e7in se\u00e7enekler<br \/>s\u00fcre veya \u00f6n kiralama anla\u015fmalar\u0131 s\u00f6z konusu oldu\u011funda, ilave bir<br \/>olup olmad\u0131\u011f\u0131na bak\u0131lmaks\u0131z\u0131n, kirac\u0131dan ayl\u0131k kira<br \/>ba\u011f\u0131ms\u0131z olarak veya bir kira s\u00f6zle\u015fmesi ile<br \/>sabit temel s\u00fcre.<\/p><p><strong>\u00a7 7 \u00d6n bilgi<\/strong><br \/>E\u011fer emlak\u00e7\u0131 taraf\u0131ndan kan\u0131tlanan f\u0131rsat<br \/>Ana s\u00f6zle\u015fmenin akdedildi\u011fi halihaz\u0131rda biliniyorsa<br \/>M\u00fc\u015fteri, brokerin a\u015fa\u011f\u0131daki hususlar\u0131 yerine getirdi\u011fine dair yaz\u0131l\u0131 kan\u0131t sunmakla y\u00fck\u00fcml\u00fcd\u00fcr<br \/>veya gecikmeksizin metin bi\u00e7iminde iletebilirsiniz.<\/p><p><strong>\u00a7 8 Muhtemel al\u0131c\u0131 i\u00e7in teklifler\/bilgiler<\/strong><br \/><strong>M\u00fc\u015fteri<\/strong><br \/>Emlak\u00e7\u0131 taraf\u0131ndan yap\u0131lan teklifler<br \/>sa\u011flanan bilgiler. Teklifler a\u015fa\u011f\u0131dakilerden sonra yap\u0131l\u0131r<br \/>Bilgimiz ve inanc\u0131m\u0131z dahilinde. Bunlar de\u011fi\u015fikli\u011fe tabidir ve<br \/>ba\u011flay\u0131c\u0131 de\u011fildir. Hatalar, \u00f6nceki sat\u0131\u015f veya<br \/>Ge\u00e7ici kiralama yapma hakk\u0131m\u0131z sakl\u0131d\u0131r. \u015eu m\u00fclkler i\u00e7in<br \/>haciz s\u00fcrecinde ise, ilgili<br \/>icra alacakl\u0131s\u0131\/banka\/tasarruf bankas\u0131\/yap\u0131 kooperatifi vb.<br \/>devam eden bir a\u00e7\u0131k art\u0131rma prosed\u00fcr\u00fc herhangi bir zamanda ge\u00e7ici olarak veya<br \/>ticari faaliyetleri tamamen sona erdirmek veya durdurmak ve b\u00f6ylece<br \/>haciz sat\u0131\u015f tarihinin iptal edilmesi, b\u00f6ylece<br \/>sonu\u00e7ta sizin taraf\u0131n\u0131zdan sat\u0131n al\u0131namayabilir. Bu<br \/>\u0130cra i\u015flemlerinin durdurulmas\u0131 devam ediyor<br \/>sakl\u0131d\u0131r.<\/p><p>Komisyoncunun sorumlulu\u011fu kas\u0131t ve a\u011f\u0131r ihmal ile s\u0131n\u0131rl\u0131d\u0131r.<br \/>ihmal bu a\u00e7\u0131dan s\u0131n\u0131rl\u0131d\u0131r.<\/p><p><strong>\u00a7 9 \u0130kame ve takip i\u015flemleri<\/strong><br \/>M\u00fc\u015fteri, \u00fczerinde anla\u015f\u0131lan \u00fccrete uygun olarak bir \u00fccret \u00f6demekle y\u00fck\u00fcml\u00fcd\u00fcr.<br \/>komisyon oranlar\u0131 de\u011fi\u015ftirme i\u015flemi i\u00e7in de ge\u00e7erlidir. A<br \/>\u00d6rne\u011fin, bir nesne a\u015fa\u011f\u0131daki durumlarda bir de\u011fi\u015ftirme i\u015fleminin var oldu\u011fu kabul edilir<br \/>sat\u0131\u015f\/sat\u0131n alma teklif edildi\u011finde, taraflar<br \/>ana s\u00f6zle\u015fme bir kiralama \u00fczerinde anla\u015f\u0131r. Bu durumda<br \/>kararla\u015ft\u0131r\u0131lan komisyon a\u015fa\u011f\u0131dakilere uygun olarak azalt\u0131l\u0131r\/art\u0131r\u0131l\u0131r<br \/>t\u00fcr\u00fcne ba\u011fl\u0131 olarak yukar\u0131da \u00a7 6'da listelenen oranlar<br \/>Ana s\u00f6zle\u015fme.<\/p><p>Bir de\u011fi\u015ftirme i\u015flemi, m\u00fc\u015fteri ve a\u015fa\u011f\u0131daki durumlarda da var say\u0131l\u0131r<br \/>s\u00f6zle\u015fme taraf\u0131n\u0131n ba\u015fka bir \u015fey i\u00e7in bir ana s\u00f6zle\u015fme akdetmi\u015f olmas\u0131<br \/>M\u00fclk ilk olarak emlak\u00e7\u0131 taraf\u0131ndan sat\u0131\u015fa sunulmu\u015ftur<br \/>Bu, a\u015fa\u011f\u0131daki durumlarda ge\u00e7erli de\u011fildir<br \/>ana s\u00f6zle\u015fme komisyoncunun bir faaliyetine dayanmamaktad\u0131r.<br \/>Ana s\u00f6zle\u015fmenin mevcut olmamas\u0131 halinde de bir ikame i\u015flemin mevcut oldu\u011fu kabul edilir<br \/>komisyoncu taraf\u0131ndan do\u011frulanan fiyatlar aras\u0131nda<br \/>Bununla birlikte, s\u00f6zle\u015fme, s\u00f6zle\u015fme orta\u011f\u0131 ile<br \/>Emlak\u00e7\u0131 taraf\u0131ndan kan\u0131tlanm\u0131\u015f sat\u0131l\u0131k m\u00fclk.<\/p><p>M\u00fc\u015fteri ile a\u015fa\u011f\u0131daki durumlarda da bir de\u011fi\u015ftirme i\u015fleminin var oldu\u011fu kabul edilir<br \/>s\u00f6zle\u015fme orta\u011f\u0131 sat\u0131n alma nesnesi i\u00e7in bir ana s\u00f6zle\u015fme<br \/>s\u00f6zle\u015fme, ancak ana s\u00f6zle\u015fmenin hukuki niteli\u011fi, s\u00f6zle\u015fmenin taraflar\u0131na ba\u011fl\u0131d\u0131r.<br \/>komisyoncunun kan\u0131tlad\u0131\u011f\u0131 yasal nitelikte, \u00f6rne\u011fin<br \/>\u00f6rne\u011fin, sat\u0131n al\u0131nan bir nesne sat\u0131l\u0131kt\u0131r, kiralanm\u0131\u015ft\u0131r veya<br \/>M\u00fclkiyetin devri yerine, miras b\u0131rak\u0131labilir bir in\u015faat hakk\u0131<br \/>transfer edildi.<\/p><p>De\u011fi\u015ftirme i\u015flemlerinde komisyon y\u00fck\u00fcml\u00fcl\u00fc\u011f\u00fcn\u00fc tetiklemek i\u00e7in<br \/>Ana s\u00f6zle\u015fmenin komisyona tabi olmas\u0131 gerekli de\u011fildir,<br \/>ba\u015flang\u0131\u00e7ta planlanan ana s\u00f6zle\u015fme ile ekonomik olarak<br \/>i\u00e7tihat hukukunda kullan\u0131lan \"e\u015fde\u011fer\" terimi anlam\u0131nda e\u015fde\u011ferdir.<br \/>ekonomik kimlik i\u00e7in geli\u015ftirilen ko\u015fullar<br \/>olmal\u0131.<\/p><p><strong>\u00a7 10 Masraflar\u0131n geri \u00f6denmesi<\/strong><br \/>Komisyoncunun komisyon kazanma \u015fans\u0131 haline gelir,<br \/>m\u00fc\u015fterinin s\u00f6zle\u015fmeyi ihlal eden kusurlu davran\u0131\u015f\u0131n\u0131n bir sonucu olarak<br \/>m\u00fc\u015fteri engellenirse, m\u00fc\u015fteri<br \/>masraflar\u0131n geri \u00f6denmesi; ayn\u0131 durum a\u015fa\u011f\u0131daki durumlarda da ge\u00e7erlidir<br \/>brokerin hakl\u0131 bir sebepten dolay\u0131 s\u00f6zle\u015fmeyi feshetmesi<br \/>hakl\u0131 g\u00f6r\u00fclebilir. Daha fazla zarar i\u00e7in tazminat<br \/>bunun d\u0131\u015f\u0131nda de\u011fildir.<\/p><p>Komisyoncunun giderleri \u00f6ncelikle a\u015fa\u011f\u0131dakiler i\u00e7in yap\u0131lan masraflar\u0131 i\u00e7erir<br \/>Reklamlar, te\u015fhirler, di\u011fer bro\u015f\u00fcrler, kurum i\u00e7i yerle\u015ftirme<br \/>\u0130nternet, bilgi i\u015faretleri ve di\u011fer \u00f6zel bilgiler<br \/>proje i\u00e7in harcanan fonlar. Harcamalar a\u015fa\u011f\u0131dakileri i\u00e7ermez<br \/>brokerin genel i\u015f giderleri ve onun<br \/>kendi \u00e7al\u0131\u015fma s\u00fcresi.<\/p><p>Broker ve \u00e7al\u0131\u015fanlar\u0131 taraf\u0131ndan yap\u0131lan yolculuklar<br \/>motorlu ta\u015f\u0131tlardan kilometre ba\u015f\u0131na 0,52 EUR \u00fccret al\u0131nabilir.<br \/>ge\u00e7erli yasal katma de\u011fer vergisi dahil<br \/>geri \u00f6denecektir. Posta \u00fccreti gibi di\u011fer masraflar i\u00e7in,<br \/>Telekom\u00fcnikasyon hizmetleri, ofis malzemeleri ve<br \/>Harcanan zaman i\u00e7in ayl\u0131k 20,00 EUR tutar\u0131nda bir g\u00f6t\u00fcr\u00fc \u00fccret al\u0131n\u0131r.<br \/>belirlenmi\u015ftir. Komisyoncu kan\u0131t sunmakta serbesttir,<br \/>\u00f6zel harcamalar\u0131n\u0131n bireysel vakalarda daha y\u00fcksek oldu\u011funu belirtmi\u015ftir.<br \/>M\u00fc\u015fteri, komisyoncunun a\u015fa\u011f\u0131daki hususlar\u0131 kan\u0131tlama \u00f6zg\u00fcrl\u00fc\u011f\u00fcne sahiptir<br \/>\u00f6zel durumda g\u00f6t\u00fcr\u00fc mebla\u011fdan daha d\u00fc\u015f\u00fck masraflar<br \/>ger\u00e7ekle\u015fmi\u015f olmas\u0131. Her durumda, masraflar\u0131n geri \u00f6denmesi<br \/>atfedilebilecek komisyonun en fazla 10 %'si ile s\u0131n\u0131rl\u0131d\u0131r.<br \/>komisyoncu ka\u00e7t\u0131.<\/p><h3><strong>\u00a7 11 Sonradan iptal durumunda komisyon talebi<\/strong><br \/><strong>ana s\u00f6zle\u015fmenin<\/strong><\/h3><p>Komisyoncunun komisyon hakk\u0131, a\u015fa\u011f\u0131daki durumlarda sona ermez<br \/>daha sonra kan\u0131tlanm\u0131\u015f veya arac\u0131l\u0131k edilmi\u015f ana s\u00f6zle\u015fme<br \/>iptal edilmi\u015f veya feshedilmi\u015f veya kar\u015f\u0131l\u0131kl\u0131 olarak mutab\u0131k kal\u0131nm\u0131\u015f<br \/>iptal edildi.<\/p><h3><strong>\u00a7 12 Dan\u0131\u015fma maddesi<\/strong><\/h3><p>Bir ana s\u00f6zle\u015fmenin imzalanmas\u0131ndan \u00f6nce<br \/>komisyoncunun ad\u0131n\u0131 ve adresini belirterek.<br \/>Hedeflenen s\u00f6zle\u015fme orta\u011f\u0131n\u0131n adresi.<br \/>Bu, komisyoncuya a\u015fa\u011f\u0131dakileri yapma f\u0131rsat\u0131 vermeyi ama\u00e7lamaktad\u0131r<br \/>sonucunda ana s\u00f6zle\u015fmenin bir s\u00f6zle\u015fme olup olmad\u0131\u011f\u0131n\u0131 kontrol edin.<br \/>arac\u0131l\u0131k faaliyeti ortaya \u00e7\u0131km\u0131\u015ft\u0131r.<\/p><h3><strong>\u00a7 13 Veri koruma<\/strong><\/h3><p>M\u00fc\u015fteri, brokerin a\u015fa\u011f\u0131dakilerden kaynaklanan verileri i\u015flemesine izin verir<br \/>bu s\u00f6zle\u015fme veya s\u00f6zle\u015fmenin uygulanmas\u0131,<br \/>Verileri toplar, i\u015fler, kullan\u0131r ve gerekli durumlarda kullan\u0131r.<br \/>\u0130lgili taraflara\/sahiplerine.<\/p><h3><strong>\u00a7 14 Gizlilik<\/strong><\/h3><p>a) Sat\u0131n alma nesnesi ile ilgili t\u00fcm bilgiler<br \/>m\u00fc\u015fteri, emlak\u00e7\u0131, potansiyel al\u0131c\u0131lar, m\u00fc\u015fteri<br \/>ana s\u00f6zle\u015fme veya bu arac\u0131l\u0131k s\u00f6zle\u015fmesi, taraflar\u0131n<br \/>bu y\u00fck\u00fcml\u00fcl\u00fc\u011f\u00fcn yerine getirilmesi s\u0131ras\u0131nda kar\u015f\u0131l\u0131kl\u0131 olarak<br \/>arac\u0131l\u0131k s\u00f6zle\u015fmesi s\u00f6zl\u00fc, yaz\u0131l\u0131, dijital olarak veya<br \/>ba\u015fka herhangi bir bi\u00e7imde kullan\u0131ma sunulan bilgiler gizlidir<br \/>(\"Gizli bilgiler\").<\/p><p>A\u015fa\u011f\u0131dakiler gizli bilgi olarak kabul edilmez<br \/>Metin formundaki taraf\u0131n ilgili oldu\u011fu bilgiler<br \/>(i) gerekli belgeleri halihaz\u0131rda kendisine sa\u011flad\u0131\u011f\u0131n\u0131 kan\u0131tlayabilir<br \/>\u0130lgili di\u011fer taraf\u00e7a veya<br \/>di\u011fer taraf\u00e7a g\u00f6revlendirilen \u00fc\u00e7\u00fcnc\u00fc taraflar\u0131n bilindi\u011fini veya<br \/>(ii) kamu taraf\u0131ndan biliniyor veya eri\u015filebilir olmalar\u0131<br \/>bunun bu yasay\u0131 ihlal ederek yap\u0131ld\u0131\u011f\u0131n\u0131<br \/>Bir ba\u015fkas\u0131na kar\u015f\u0131 gizlilik anla\u015fmas\u0131<br \/>s\u00f6zle\u015fmeye veya y\u00fcr\u00fcrl\u00fckteki yasalara ayk\u0131r\u0131d\u0131r,<br \/>veya (iii) bunlar\u0131n di\u011fer taraf\u00e7a genel olarak tan\u0131nm\u0131\u015f olmas\u0131<br \/>tarafa yaz\u0131l\u0131 bildirim<br \/>\u00fc\u00e7\u00fcnc\u00fc taraflarla ilgili a\u00e7\u0131klama.<\/p><p>b) Taraflar kar\u015f\u0131l\u0131kl\u0131 olarak Gizli Bilgileri saklamay\u0131 taahh\u00fct ederler<br \/>bilgileri kesinlikle gizli tutmak ve t\u00fcm<br \/>en aza indirmek i\u00e7in gerekli \u00f6nlemleri almak<br \/>gizlili\u011fi korumak i\u00e7in.<\/p><p>c) Taraflardan her biri Gizli Bilgileri yaln\u0131zca<br \/>a\u015fa\u011f\u0131daki ki\u015filer (\"Yetkili Ki\u015filer\")<br \/>sadece gerekli oldu\u011fu \u00f6l\u00e7\u00fcde<br \/>Yetkili Ki\u015filerin Gizli Bilgiye sahip oldu\u011fu<br \/>Arac\u0131l\u0131k s\u00f6zle\u015fmesinin y\u00fcr\u00fct\u00fclmesi i\u00e7in bilgiler<br \/>bu kapsamdaki y\u00fck\u00fcml\u00fcl\u00fcklerini yerine getirmek i\u00e7in<br \/>Bu gereklilikleri d\u00fczg\u00fcn bir \u015fekilde yerine getirebilmek i\u00e7in:<br \/>(i) Yasal temsilciler, y\u00fcr\u00fctme organlar\u0131n\u0131n \u00fcyeleri ve<br \/>ilgili taraf\u0131n \u00e7al\u0131\u015fanlar\u0131 (\"temsilciler\"),<br \/>(ii) Resmi\/yarg\u0131sal oldu\u011fu \u00f6l\u00e7\u00fcde mahkemeler\/otoriteler<br \/>bir taraftan talep edilmektedir,<br \/>(iii) di\u011fer \u00fc\u00e7\u00fcnc\u00fc taraflara kar\u015f\u0131l\u0131k gelen \u00f6nceden<br \/>di\u011fer taraf\u0131n - metin bi\u00e7iminde - r\u0131zas\u0131.<br \/>Parti.<\/p><p>d) Taraflardan birinin di\u011feriyle anla\u015fmazl\u0131\u011fa d\u00fc\u015fmesi durumunda<br \/>Gizli Bilgilerin gizlili\u011fine taraf olunmas\u0131<br \/>ihlal edilmesi durumunda, bu taraf ilgili tazminat\u0131 \u00f6demekle y\u00fck\u00fcml\u00fcd\u00fcr.<br \/>di\u011fer tarafa s\u00f6zle\u015fme cezas\u0131n\u0131n 10 %'si tutar\u0131nda<br \/>su\u00e7 ba\u015f\u0131na kararla\u015ft\u0131r\u0131lan komisyon alt\u0131nda,<br \/>alt\u0131nda belirtilen tutar\u0131n en fazla 100%'sine kadar<br \/>Hata! Referans kayna\u011f\u0131 bulunamad\u0131.<br \/>kararla\u015ft\u0131r\u0131lan komisyon; bu s\u00f6zle\u015fme cezas\u0131<br \/>ger\u00e7ek hasar ve\/veya bir<br \/>emlak\u00e7\u0131n\u0131n komisyon talebi.<\/p><p>e) Bu gizlilik s\u00f6zle\u015fmesi 2 y\u0131l s\u00fcreyle y\u00fcr\u00fcrl\u00fckte kalacakt\u0131r.<br \/>Bu arac\u0131l\u0131k s\u00f6zle\u015fmesinin feshinden sonraki y\u0131l(lar).<\/p><h3><strong>\u00a7 15 B\u00f6l\u00fcnebilirlik maddesi<\/strong><\/h3><p>Yukar\u0131daki h\u00fck\u00fcmlerden bir veya daha fazlas\u0131n\u0131n<br \/>ge\u00e7ersiz olmas\u0131 veya ge\u00e7ersiz hale gelmesi durumunda, s\u00f6zle\u015fmenin ge\u00e7erlili\u011fi<br \/>kalan h\u00fck\u00fcmler bundan etkilenmeyecektir. Bu<br \/>bir h\u00fckm\u00fcn bir k\u0131sm\u0131n\u0131n ge\u00e7ersiz olmas\u0131 halinde de ge\u00e7erlidir,<br \/>ancak di\u011fer bir k\u0131sm\u0131 etkilidir. \u0130lgili etkisiz<br \/>h\u00fckm\u00fc taraflar aras\u0131nda bir s\u00f6zle\u015fme ile kararla\u015ft\u0131r\u0131lacakt\u0131r.<br \/>ekonomik \u00e7\u0131karlar\u0131na uygun olan<br \/>s\u00f6zle\u015fme taraflar\u0131 ve ba\u015fka bir \u015fekilde<br \/>s\u00f6zle\u015fmeye dayal\u0131 anla\u015fmalara ayk\u0131r\u0131 de\u011fildir.<\/p><h3><strong>\u00a7 16 Yerine getirme yeri ve yarg\u0131 yetkisi<\/strong><\/h3><p>Tam nitelikli tacirler i\u00e7in teslimat yeri ve yarg\u0131 yetkisi Bad<br \/>Homburg v. d. H.<\/p><\/div>\n        \t\t\t\t<\/div>\n\t\t\t\t<\/div>\n\t\t\t\t\t<\/div>\n\t\t\t\t<\/div>\n\t\t\t\t<\/div>","protected":false},"excerpt":{"rendered":"<p>\u00a7 1 Begriffsbestimmung \u201eMakler\u201c im Sinne dieser Allgemeinen Gesch\u00e4ftsbedingungen (AGB) ist die Regenbogen Real Estate GmbH; \u201eAuftraggeber\u201c im Sinne dieser Bestimmung der Eigent\u00fcmer,soweit diese AGB in den Vertrag zwischen dem Makler und demEigent\u00fcmer einbezogen werden oder ein Kaufinteressent,soweit diese AGB den Vertrag zwischen dem Makler und demEigent\u00fcmer einbezogen werden. \u201eHauptvertrag\u201c ist der Vertrag zwischen dem &hellip; <\/p>\n<p class=\"link-more\"><a href=\"https:\/\/rgbn-re.savo-lee.com\/tr\/agb\/\" class=\"more-link\">Daha fazla bilgi edinin <span class=\"screen-reader-text\"> &#8222;AGB&#8220;<\/span><\/a><\/p>","protected":false},"author":1,"featured_media":0,"parent":0,"menu_order":0,"comment_status":"closed","ping_status":"open","template":"","meta":{"footnotes":""},"class_list":["post-2","page","type-page","status-publish","hentry"],"_links":{"self":[{"href":"https:\/\/rgbn-re.savo-lee.com\/tr\/wp-json\/wp\/v2\/pages\/2","targetHints":{"allow":["GET"]}}],"collection":[{"href":"https:\/\/rgbn-re.savo-lee.com\/tr\/wp-json\/wp\/v2\/pages"}],"about":[{"href":"https:\/\/rgbn-re.savo-lee.com\/tr\/wp-json\/wp\/v2\/types\/page"}],"author":[{"embeddable":true,"href":"https:\/\/rgbn-re.savo-lee.com\/tr\/wp-json\/wp\/v2\/users\/1"}],"replies":[{"embeddable":true,"href":"https:\/\/rgbn-re.savo-lee.com\/tr\/wp-json\/wp\/v2\/comments?post=2"}],"version-history":[{"count":7,"href":"https:\/\/rgbn-re.savo-lee.com\/tr\/wp-json\/wp\/v2\/pages\/2\/revisions"}],"predecessor-version":[{"id":6963,"href":"https:\/\/rgbn-re.savo-lee.com\/tr\/wp-json\/wp\/v2\/pages\/2\/revisions\/6963"}],"wp:attachment":[{"href":"https:\/\/rgbn-re.savo-lee.com\/tr\/wp-json\/wp\/v2\/media?parent=2"}],"curies":[{"name":"wp","href":"https:\/\/api.w.org\/{rel}","templated":true}]}}