{"id":3,"date":"2024-08-17T14:19:36","date_gmt":"2024-08-17T14:19:36","guid":{"rendered":"https:\/\/upbeat-yalow.212-132-109-245.plesk.page\/?page_id=3"},"modified":"2024-08-20T21:44:46","modified_gmt":"2024-08-20T21:44:46","slug":"impressum","status":"publish","type":"page","link":"https:\/\/rgbn-re.savo-lee.com\/tr\/impressum\/","title":{"rendered":"K\u00fcnye"},"content":{"rendered":"<div data-elementor-type=\"wp-page\" data-elementor-id=\"3\" class=\"elementor elementor-3\" data-elementor-post-type=\"page\">\n\t\t\t\t<div class=\"elementor-element elementor-element-5d270fbf e-flex e-con-boxed e-con e-parent\" data-id=\"5d270fbf\" data-element_type=\"container\">\n\t\t\t\t\t<div class=\"e-con-inner\">\n\t\t\t\t<div class=\"elementor-element elementor-element-51f633fb elementor-widget elementor-widget-text-editor\" data-id=\"51f633fb\" data-element_type=\"widget\" data-widget_type=\"text-editor.default\">\n\t\t\t\t<div class=\"elementor-widget-container\">\n\t\t\t\t\t        <div class=\"elementor-text-editor elementor-clearfix\">\n<h2 class=\"wp-block-heading\"><strong>TMG \u00a7 5 uyar\u0131nca bilgiler:<\/strong><\/h2>\n<p>Rainbow Real Estate GmbH<br \/>In den Br\u00fchlwiesen 7b<br \/>61352 Bad Homburg v. d. H. \/ Almanya<\/p>\n<p><strong>Temsilci:<\/strong><br \/>Say\u0131n Melek \u00c7i\u00e7ek<\/p>\n<p><strong>\u0130leti\u015fim:<\/strong><br \/>Telefon: +49 - 6172 265 95 55<br \/>E-posta: info[at]regenbogen-immo.de<\/p>\n<p><strong>Giri\u015fi kaydet:<\/strong><br \/>Ticaret siciline kay\u0131t.<br \/>Kay\u0131t mahkemesi:Bad Homburg Yerel Mahkemesi. v. d. H.<br \/>Kay\u0131t numaras\u0131: HRB 12675<\/p>\n<p><strong>Sat\u0131\u015f vergisi kimli\u011fi:<\/strong><br \/>\u00a727 a sat\u0131\u015f vergisi yasas\u0131na g\u00f6re sat\u0131\u015f vergisi kimlik numaras\u0131:<br \/>003 242 17036<\/p>\n<p><strong>Denetim makam\u0131:<\/strong><br \/>Ordnungsamt Bad Homburg v. d. H. Rathausplatz 1 61343 Bad Homburg v. d. H.<\/p>\n<p>\u0130\u015f unvan\u0131: Emlak\u00e7\u0131<br \/>Yetkili oda:<br \/>\u00d6d\u00fcllendiren: Almanya<br \/>A\u015fa\u011f\u0131daki mesleki d\u00fczenlemeler ge\u00e7erlidir: Hochtaunuskreis b\u00f6lge y\u00f6neticisi taraf\u0131ndan ticaret y\u00f6netmeli\u011finin \u00a734c'sine g\u00f6re ruhsat, Ludwig-Erhard-Anlage 1 - 4, 61352 Bad Homburg v. d. H.<br \/>Y\u00f6netmelikler \u015fu adreste g\u00f6r\u00fclebilir:<\/p>\n<p><strong>AB uyu\u015fmazl\u0131k \u00e7\u00f6z\u00fcm\u00fcne at\u0131f<\/strong><br \/>Avrupa Komisyonu, \u00e7evrimi\u00e7i uyu\u015fmazl\u0131k \u00e7\u00f6z\u00fcm\u00fc (OS) i\u00e7in bir platform sa\u011flamaktad\u0131r: <a href=\"http:\/\/ec.europa.eu\/consumers\/odr\" target=\"_blank\" rel=\"noopener\">http:\/\/ec.europa.eu\/consumers\/odr<\/a><br \/>E-posta adresimizi yukar\u0131daki k\u00fcnyede bulabilirsiniz.<\/p>\n<p><strong>Konsept ve ger\u00e7ekle\u015ftirme:<\/strong><br \/>Savo ve Lee<br \/>Sahibi: Teoman S. G\u00fcnes<br \/>Schwanheimer Str. 58A<br \/>69412 Eberbach \/ Almanya<br \/><a href=\"http:\/\/www.savoandlee.com\" target=\"_blank\" rel=\"noopener\">www.savoandlee.com<\/a><\/p>\n<p>Kaynak: <a href=\"http:\/\/www.e-recht24.de\/\" target=\"_blank\" rel=\"nofollow noopener\">http:\/\/www.e-recht24.de<\/a><\/p>\n<h2>SORUMLULUK REDD\u0130<\/h2>\n<p><strong>\u0130\u00e7erik i\u00e7in sorumluluk<\/strong><br \/>Bir hizmet sa\u011flay\u0131c\u0131 olarak, TMG (Alman Telemedya Yasas\u0131) Madde 7 (1) ve genel mevzuat uyar\u0131nca bu sayfalardaki kendi i\u00e7eri\u011fimizden sorumluyuz. Bununla birlikte, TMG \u00a7\u00a7 8 ila 10'a g\u00f6re, bir hizmet sa\u011flay\u0131c\u0131 olarak iletilen veya saklanan \u00fc\u00e7\u00fcnc\u00fc taraf bilgilerini izlemek veya yasa d\u0131\u015f\u0131 faaliyetlere i\u015faret eden durumlar\u0131 ara\u015ft\u0131rmak zorunda de\u011filiz. Genel mevzuat uyar\u0131nca bilgilerin kullan\u0131m\u0131n\u0131 kald\u0131rma veya engelleme y\u00fck\u00fcml\u00fcl\u00fckleri bundan etkilenmez. Ancak, bu konudaki sorumluluk yaln\u0131zca belirli bir ihlalin \u00f6\u011frenildi\u011fi andan itibaren m\u00fcmk\u00fcnd\u00fcr. Bu t\u00fcr ihlallerin fark\u0131na var\u0131r varmaz, bu i\u00e7eri\u011fi derhal kald\u0131raca\u011f\u0131z.<\/p>\n<p><strong>Ba\u011flant\u0131lar i\u00e7in sorumluluk<\/strong><br \/>Web sitemiz, i\u00e7eri\u011fi \u00fczerinde hi\u00e7bir etkimiz olmayan harici \u00fc\u00e7\u00fcnc\u00fc taraf web sitelerine ba\u011flant\u0131lar i\u00e7ermektedir. Bu nedenle, bu \u00fc\u00e7\u00fcnc\u00fc taraf i\u00e7eri\u011fi i\u00e7in herhangi bir sorumluluk kabul edemeyiz. Ba\u011flant\u0131l\u0131 sayfalar\u0131n i\u00e7eri\u011finden her zaman sayfalar\u0131n ilgili sa\u011flay\u0131c\u0131s\u0131 veya operat\u00f6r\u00fc sorumludur. Ba\u011flant\u0131 verilen sayfalar, ba\u011flant\u0131 verildi\u011fi s\u0131rada olas\u0131 yasal ihlallere kar\u015f\u0131 kontrol edilmi\u015ftir. Ba\u011flant\u0131 verildi\u011fi s\u0131rada yasa d\u0131\u015f\u0131 i\u00e7erikler tespit edilememi\u015ftir. Ancak, ba\u011flant\u0131l\u0131 sayfalar\u0131n i\u00e7eri\u011finin s\u00fcrekli olarak izlenmesi, bir ihlalin somut kan\u0131t\u0131 olmadan makul de\u011fildir. Herhangi bir yasal ihlalden haberdar olursak, bu t\u00fcr ba\u011flant\u0131lar\u0131 derhal kald\u0131raca\u011f\u0131z.<\/p>\n<p><strong>Telif Hakk\u0131<\/strong><br \/>Bu sayfalarda site operat\u00f6rleri taraf\u0131ndan olu\u015fturulan i\u00e7erik ve eserler Alman telif hakk\u0131 yasas\u0131na tabidir. \u00c7o\u011faltma, i\u015fleme, da\u011f\u0131t\u0131m ve telif hakk\u0131 yasas\u0131n\u0131n s\u0131n\u0131rlar\u0131 d\u0131\u015f\u0131ndaki her t\u00fcrl\u00fc kullan\u0131m, ilgili yazar\u0131n veya yarat\u0131c\u0131n\u0131n yaz\u0131l\u0131 onay\u0131n\u0131 gerektirir. Bu sitenin indirilmesine ve kopyalanmas\u0131na yaln\u0131zca \u00f6zel, ticari olmayan kullan\u0131m i\u00e7in izin verilir. Bu sitedeki i\u00e7erik operat\u00f6r taraf\u0131ndan olu\u015fturulmad\u0131\u011f\u0131 s\u00fcrece, \u00fc\u00e7\u00fcnc\u00fc taraflar\u0131n telif haklar\u0131na sayg\u0131 g\u00f6sterilir. \u00d6zellikle, \u00fc\u00e7\u00fcnc\u00fc taraf i\u00e7eri\u011fi bu \u015fekilde etiketlenir. Yine de bir telif hakk\u0131 ihlalinden haberdar olursan\u0131z, l\u00fctfen bizi uygun \u015fekilde bilgilendirin. Herhangi bir ihlalden haberdar olursak, bu t\u00fcr i\u00e7eri\u011fi derhal kald\u0131raca\u011f\u0131z.<\/p>\n<div class=\"ig_attention\">\u00a0<\/div>\n<h3>Gizlilik politikas\u0131:<\/h3>\n<p><strong>Veri koruma<\/strong><br \/>Bu sayfalar\u0131n operat\u00f6rleri ki\u015fisel verilerinizin korunmas\u0131n\u0131 \u00e7ok ciddiye almaktad\u0131r. Ki\u015fisel verilerinizi gizli ve yasal veri koruma d\u00fczenlemelerine ve bu gizlilik politikas\u0131na uygun olarak ele al\u0131yoruz.<\/p>\n<p>Web sitemizin kullan\u0131m\u0131 genellikle ki\u015fisel veriler sa\u011flanmadan m\u00fcmk\u00fcnd\u00fcr. Web sitemizde ki\u015fisel veriler (\u00f6rne\u011fin isim, adres veya e-posta adresleri) toplan\u0131rsa, bu her zaman m\u00fcmk\u00fcn oldu\u011funca g\u00f6n\u00fcll\u00fcl\u00fck esas\u0131na g\u00f6re yap\u0131l\u0131r. Bu veriler, sizin a\u00e7\u0131k r\u0131zan\u0131z olmadan \u00fc\u00e7\u00fcnc\u00fc taraflara aktar\u0131lmayacakt\u0131r.<\/p>\n<p>\u0130nternet \u00fczerinden veri aktar\u0131m\u0131nda (\u00f6rne\u011fin e-posta ile ileti\u015fimde) g\u00fcvenlik a\u00e7\u0131klar\u0131 olabilece\u011fini belirtmek isteriz. Verilerin \u00fc\u00e7\u00fcnc\u00fc taraflar\u0131n eri\u015fimine kar\u015f\u0131 tam olarak korunmas\u0131 m\u00fcmk\u00fcn de\u011fildir.<\/p>\n<p><strong>etracker kullan\u0131m\u0131 i\u00e7in gizlilik politikas\u0131<\/strong><br \/>Web sitemiz etracker analiz hizmetini kullanmaktad\u0131r. Sa\u011flay\u0131c\u0131 etracker GmbH, Erste Brunnenstra\u00dfe 1 20459 Hamburg Almanya'd\u0131r.<br \/>Takma isim alt\u0131ndaki verilerden kullan\u0131c\u0131 profilleri olu\u015fturulabilir. Bu ama\u00e7la \u00e7erezler kullan\u0131labilir. \u00c7erezler, internet taray\u0131c\u0131n\u0131z\u0131n \u00f6nbelle\u011finde yerel olarak depolanan k\u00fc\u00e7\u00fck metin dosyalar\u0131d\u0131r. \u00c7erezler, taray\u0131c\u0131n\u0131z\u0131 tan\u0131may\u0131 m\u00fcmk\u00fcn k\u0131lar. Etracker teknolojileri kullan\u0131larak toplanan veriler, ilgili ki\u015finin ayr\u0131 r\u0131zas\u0131 olmadan web sitemizi ziyaret edenleri ki\u015fisel olarak tan\u0131mlamak i\u00e7in kullan\u0131lmayacak ve takma ad\u0131n ta\u015f\u0131y\u0131c\u0131s\u0131 hakk\u0131ndaki ki\u015fisel verilerle birle\u015ftirilmeyecektir.<\/p>\n<p>Gelecekte ge\u00e7erli olmak \u00fczere istedi\u011finiz zaman verilerin toplanmas\u0131na ve saklanmas\u0131na itiraz edebilirsiniz. Gelecekte ziyaret\u00e7i verilerinizin toplanmas\u0131na ve saklanmas\u0131na itiraz etmek i\u00e7in, a\u015fa\u011f\u0131daki ba\u011flant\u0131ya t\u0131klayarak etracker'den bir devre d\u0131\u015f\u0131 b\u0131rakma \u00e7erezi edinebilirsiniz. Bu, etracker'in gelecekte taray\u0131c\u0131n\u0131zdan herhangi bir ziyaret\u00e7i verisi toplamas\u0131n\u0131 ve saklamas\u0131n\u0131 \u00f6nleyecektir: <a href=\"http:\/\/www.etracker.de\/privacy?et=V23Jbb\">http:\/\/www.etracker.de\/privacy?et=V23Jbb<\/a><\/p>\n<p>Bu, etracker'dan \"cntcookie\" ad\u0131nda bir devre d\u0131\u015f\u0131 b\u0131rakma \u00e7erezi ayarlar. L\u00fctfen itiraz\u0131n\u0131z\u0131 s\u00fcrd\u00fcrmek istedi\u011finiz s\u00fcrece bu \u00e7erezi silmeyin. Daha fazla bilgiyi etracker'in gizlilik politikas\u0131nda bulabilirsiniz: <a href=\"http:\/\/www.etracker.com\/de\/datenschutz.html\">http:\/\/www.etracker.com\/de\/datenschutz.html<\/a><\/p>\n<p><strong>Facebook eklentilerinin kullan\u0131m\u0131 i\u00e7in gizlilik politikas\u0131 (Be\u011fen d\u00fc\u011fmesi)<\/strong><br \/>Facebook Inc, 1 Hacker Way, Menlo Park, California 94025, USA sa\u011flay\u0131c\u0131s\u0131 olan sosyal a\u011f Facebook'un eklentileri sayfalar\u0131m\u0131za entegre edilmi\u015ftir. Facebook eklentilerini sitemizdeki Facebook logosundan veya \"Be\u011fen\" d\u00fc\u011fmesinden tan\u0131yabilirsiniz. Facebook eklentilerine genel bir bak\u0131\u015f\u0131 burada bulabilirsiniz: <a href=\"http:\/\/developers.facebook.com\/docs\/plugins\/\">http:\/\/developers.facebook.com\/docs\/plugins\/<\/a>.<\/p>\n<p>Sayfalar\u0131m\u0131z\u0131 ziyaret etti\u011finizde, taray\u0131c\u0131n\u0131z ile Facebook sunucusu aras\u0131nda eklenti arac\u0131l\u0131\u011f\u0131yla do\u011frudan bir ba\u011flant\u0131 kurulur. Facebook, IP adresiniz ile sitemizi ziyaret etti\u011finiz bilgisini al\u0131r. Facebook hesab\u0131n\u0131zda oturum a\u00e7m\u0131\u015fken Facebook \"Be\u011fen\" d\u00fc\u011fmesine t\u0131klarsan\u0131z, sayfalar\u0131m\u0131z\u0131n i\u00e7eri\u011fini Facebook profilinize ba\u011flayabilirsiniz. Bu, Facebook'un sayfalar\u0131m\u0131z\u0131 ziyaretinizi kullan\u0131c\u0131 hesab\u0131n\u0131zla ili\u015fkilendirmesini sa\u011flar. Sayfalar\u0131n sa\u011flay\u0131c\u0131s\u0131 olarak, iletilen verilerin i\u00e7eri\u011fi veya Facebook taraf\u0131ndan kullan\u0131m\u0131 hakk\u0131nda hi\u00e7bir bilgimiz olmad\u0131\u011f\u0131n\u0131 belirtmek isteriz. Bu konuda daha fazla bilgi Facebook'un gizlilik politikas\u0131nda bulunabilir <a href=\"http:\/\/de-de.facebook.com\/policy.php\">http:\/\/de-de.facebook.com\/policy.php<\/a>.<\/p>\n<p>Facebook'un sayfalar\u0131m\u0131z\u0131 ziyaretinizi Facebook kullan\u0131c\u0131 hesab\u0131n\u0131zla ili\u015fkilendirmesini istemiyorsan\u0131z, l\u00fctfen Facebook kullan\u0131c\u0131 hesab\u0131n\u0131zdan \u00e7\u0131k\u0131\u015f yap\u0131n.<\/p>\n<p><strong>Google Analytics kullan\u0131m\u0131 i\u00e7in gizlilik politikas\u0131<\/strong><br \/>Bu web sitesi, web analiz hizmeti Google Analytics'in i\u015flevlerini kullanmaktad\u0131r. Sa\u011flay\u0131c\u0131 Google Inc. 1600 Amphitheatre Parkway Mountain View, CA 94043, ABD'dir. Google Analytics \"\u00e7erezler\" kullan\u0131r. Bunlar, bilgisayar\u0131n\u0131zda depolanan ve web sitesini kullan\u0131m\u0131n\u0131z\u0131n analiz edilmesini sa\u011flayan metin dosyalar\u0131d\u0131r. Bu web sitesini kullan\u0131m\u0131n\u0131z hakk\u0131nda \u00e7erez taraf\u0131ndan olu\u015fturulan bilgiler genellikle ABD'deki bir Google sunucusuna aktar\u0131l\u0131r ve orada saklan\u0131r.<\/p>\n<p>Ancak, bu web sitesinde IP anonimle\u015ftirme etkinle\u015ftirilirse, IP adresiniz \u00f6nce Google taraf\u0131ndan Avrupa Birli\u011fi \u00fcye \u00fclkelerinde veya Avrupa Ekonomik Alan\u0131 Anla\u015fmas\u0131'n\u0131 imzalayan di\u011fer \u00fclkelerde kesilecektir. Sadece istisnai durumlarda tam IP adresi ABD'deki bir Google sunucusuna iletilecek ve orada k\u0131salt\u0131lacakt\u0131r. Bu web sitesinin operat\u00f6r\u00fc ad\u0131na, Google bu bilgileri web sitesini kullan\u0131m\u0131n\u0131z\u0131 analiz etmek, web sitesi etkinli\u011fi hakk\u0131nda raporlar derlemek ve web sitesi operat\u00f6r\u00fcne web sitesi etkinli\u011fi ve internet kullan\u0131m\u0131 ile ilgili di\u011fer hizmetleri sa\u011flamak i\u00e7in kullanacakt\u0131r. Google Analytics'in bir par\u00e7as\u0131 olarak taray\u0131c\u0131n\u0131z taraf\u0131ndan iletilen IP adresi, di\u011fer Google verileriyle birle\u015ftirilmeyecektir.<\/p>\n<p>Taray\u0131c\u0131n\u0131zda uygun ayarlar\u0131 se\u00e7erek \u00e7erez kullan\u0131m\u0131n\u0131 reddedebilirsiniz, ancak bunu yaparsan\u0131z bu web sitesinin t\u00fcm i\u015flevlerini kullanamayabilece\u011finizi l\u00fctfen unutmay\u0131n. Ayr\u0131ca, a\u015fa\u011f\u0131daki ba\u011flant\u0131da bulunan taray\u0131c\u0131 eklentisini indirip kurarak Google'\u0131n \u00e7erez taraf\u0131ndan olu\u015fturulan ve web sitesini kullan\u0131m\u0131n\u0131zla ilgili verileri (IP adresiniz dahil) toplamas\u0131n\u0131 ve bu verilerin Google taraf\u0131ndan i\u015flenmesini \u00f6nleyebilirsiniz: <a href=\"http:\/\/tools.google.com\/dlpage\/gaoptout?hl=de\">http:\/\/tools.google.com\/dlpage\/gaoptout?hl=de<\/a><\/p>\n<p><strong>Twitter kullan\u0131m\u0131 i\u00e7in gizlilik politikas\u0131<\/strong><br \/>Twitter hizmetinin i\u015flevleri sayfalar\u0131m\u0131za entegre edilmi\u015ftir. Bu i\u015flevler Twitter Inc, 1355 Market Street, Suite 900, San Francisco, CA 94103, ABD taraf\u0131ndan sunulmaktad\u0131r. Twitter ve \"Re-Tweet\" i\u015flevini kullanarak, ziyaret etti\u011finiz web siteleri Twitter hesab\u0131n\u0131za ba\u011flan\u0131r ve di\u011fer kullan\u0131c\u0131lar taraf\u0131ndan bilinir. Veriler ayr\u0131ca Twitter'a da iletilir. Sayfalar\u0131n sa\u011flay\u0131c\u0131s\u0131 olarak, iletilen verilerin i\u00e7eri\u011fi veya Twitter taraf\u0131ndan kullan\u0131m\u0131 hakk\u0131nda hi\u00e7bir bilgimiz olmad\u0131\u011f\u0131n\u0131 belirtmek isteriz. Bu konuda daha fazla bilgi Twitter'\u0131n \u015fu adresteki gizlilik politikas\u0131nda bulunabilir <a href=\"http:\/\/twitter.com\/privacy\">http:\/\/twitter.com\/privacy<\/a>.<\/p>\n<p>Twitter'da veri koruma ayarlar\u0131n\u0131z\u0131 a\u015fa\u011f\u0131daki hesap ayarlar\u0131ndan de\u011fi\u015ftirebilirsiniz <a href=\"http:\/\/twitter.com\/account\/settings\">http:\/\/twitter.com\/account\/settings<\/a> De\u011fi\u015fim.<\/p>\n<p><strong>Xing kullan\u0131m\u0131 i\u00e7in gizlilik politikas\u0131<\/strong><br \/>Web sitemiz XING a\u011f\u0131n\u0131n i\u015flevlerini kullanmaktad\u0131r. Sa\u011flay\u0131c\u0131 XING AG, Dammtorstra\u00dfe 29-32, 20354 Hamburg, Almanya'd\u0131r. Xing i\u015flevlerini i\u00e7eren sayfalar\u0131m\u0131zdan birine her eri\u015fildi\u011finde, Xing sunucular\u0131na bir ba\u011flant\u0131 kurulur. Bildi\u011fimiz kadar\u0131yla, bu s\u00fcre\u00e7te hi\u00e7bir ki\u015fisel veri saklanmaz. \u00d6zellikle, hi\u00e7bir IP adresi saklanmaz ve kullan\u0131m davran\u0131\u015f\u0131 de\u011ferlendirilmez.<\/p>\n<p>Veri koruma ve Xing Payla\u015f d\u00fc\u011fmesi hakk\u0131nda daha fazla bilgi Xing'in gizlilik politikas\u0131nda bulunabilir <a href=\"https:\/\/www.xing.com\/app\/share?op=data_protection\">https:\/\/www.xing.com\/app\/share?op=data_protection<\/a><\/p>\n<p><strong>Bilgi, silme, engelleme<\/strong><br \/>Saklanan ki\u015fisel verileriniz, bunlar\u0131n kayna\u011f\u0131 ve al\u0131c\u0131s\u0131 ve veri i\u015flemenin amac\u0131 hakk\u0131nda \u00fccretsiz bilgi alma ve bu verileri istedi\u011finiz zaman d\u00fczeltme, engelleme veya silme hakk\u0131na sahipsiniz. Ki\u015fisel veriler konusunda ba\u015fka sorular\u0131n\u0131z varsa, yasal bildirimde verilen adresten istedi\u011finiz zaman bizimle ileti\u015fime ge\u00e7ebilirsiniz.<\/p>\n<p><strong>\u00c7erezler<\/strong><br \/>\u0130nternet sayfalar\u0131n\u0131n baz\u0131lar\u0131nda \u00e7erezler kullan\u0131lmaktad\u0131r. \u00c7erezler bilgisayar\u0131n\u0131za zarar vermez ve vir\u00fcs i\u00e7ermez. \u00c7erezler, web sitemizi daha kullan\u0131c\u0131 dostu, etkili ve g\u00fcvenli hale getirmek i\u00e7in kullan\u0131l\u0131r. \u00c7erezler, bilgisayar\u0131n\u0131zda depolanan ve taray\u0131c\u0131n\u0131z taraf\u0131ndan kaydedilen k\u00fc\u00e7\u00fck metin dosyalar\u0131d\u0131r.<\/p>\n<p>Kulland\u0131\u011f\u0131m\u0131z \u00e7erezlerin \u00e7o\u011fu \"oturum \u00e7erezleri\" olarak adland\u0131r\u0131l\u0131r. Ziyaretinizin sonunda otomatik olarak silinirler. Di\u011fer \u00e7erezler, siz onlar\u0131 silene kadar son cihaz\u0131n\u0131zda sakl\u0131 kal\u0131r. Bu \u00e7erezler, bir sonraki ziyaretinizde taray\u0131c\u0131n\u0131z\u0131 tan\u0131mam\u0131z\u0131 sa\u011flar.<\/p>\n<p>Taray\u0131c\u0131n\u0131z\u0131, \u00e7erezlerin ayarlanmas\u0131 hakk\u0131nda bilgilendirilecek ve yaln\u0131zca bireysel durumlarda \u00e7erezlere izin verecek, belirli durumlar i\u00e7in veya genel olarak \u00e7erezlerin kabul edilmesini hari\u00e7 tutacak ve taray\u0131c\u0131y\u0131 kapat\u0131rken \u00e7erezlerin otomatik olarak silinmesini etkinle\u015ftirecek \u015fekilde ayarlayabilirsiniz. \u00c7erezler devre d\u0131\u015f\u0131 b\u0131rak\u0131l\u0131rsa, bu web sitesinin i\u015flevselli\u011fi k\u0131s\u0131tlanabilir.<\/p>\n<p><strong>Sunucu g\u00fcnl\u00fck dosyalar\u0131<\/strong><br \/>Sayfalar\u0131n sa\u011flay\u0131c\u0131s\u0131, taray\u0131c\u0131n\u0131z\u0131n otomatik olarak bize iletti\u011fi sunucu g\u00fcnl\u00fck dosyalar\u0131 olarak adland\u0131r\u0131lan bilgileri otomatik olarak toplar ve saklar. Bunlar<\/p>\n<ul>\n<li>Taray\u0131c\u0131 t\u00fcr\u00fc\/ taray\u0131c\u0131 s\u00fcr\u00fcm\u00fc<\/li>\n<li>Kullan\u0131lan i\u015fletim sistemi<\/li>\n<li>Y\u00f6nlendiren URL<\/li>\n<li>Eri\u015fen bilgisayar\u0131n ana bilgisayar ad\u0131<\/li>\n<li>Sunucu iste\u011finin zaman\u0131<\/li>\n<\/ul>\n<p>Bu veriler belirli ki\u015filere atanamaz. Bu veriler di\u011fer veri kaynaklar\u0131 ile birle\u015ftirilmez. Yasad\u0131\u015f\u0131 kullan\u0131ma ili\u015fkin belirli g\u00f6stergelerin fark\u0131na varmam\u0131z halinde bu verileri geriye d\u00f6n\u00fck olarak kontrol etme hakk\u0131m\u0131z\u0131 sakl\u0131 tutar\u0131z.<\/p>\n<p><strong>\u0130leti\u015fim formu<\/strong><br \/>\u0130leti\u015fim formu arac\u0131l\u0131\u011f\u0131yla bize soru g\u00f6nderirseniz, orada sa\u011flad\u0131\u011f\u0131n\u0131z ileti\u015fim bilgileri de dahil olmak \u00fczere, talep formundaki bilgileriniz, talebin i\u015flenmesi amac\u0131yla ve takip sorular\u0131 durumunda taraf\u0131m\u0131zdan saklanacakt\u0131r. Bu verileri sizin izniniz olmadan aktarmayaca\u011f\u0131z.<\/p>\n<p><strong>Reklam postalar\u0131na itiraz<\/strong><br \/>Yasal bildirim y\u00fck\u00fcml\u00fcl\u00fc\u011f\u00fcm\u00fcz\u00fcn bir par\u00e7as\u0131 olarak yay\u0131nlanan ileti\u015fim verilerinin istenmeyen reklam ve bilgi materyalleri g\u00f6ndermek amac\u0131yla kullan\u0131lmas\u0131na itiraz ediyoruz. Bu web sitesinin operat\u00f6rleri, spam e-postalar gibi istenmeyen reklam bilgilerinin g\u00f6nderilmesi durumunda yasal i\u015flem yapma hakk\u0131n\u0131 a\u00e7\u0131k\u00e7a sakl\u0131 tutar.<\/p>\n<h2><strong>Kaynak referans\u0131:<\/strong><\/h2>\n<p>Berlin Skyline:<br \/>Dubai Skyline:<br \/>Frankfurt am Main ufuk \u00e7izgisi: 123rf, Sean Pavone<br \/>Tel Aviv ufuk \u00e7izgisi: Pearl Cohen Zedek Latzer Baratz, \u0130srail<\/p><\/div>\n        \t\t\t\t<\/div>\n\t\t\t\t<\/div>\n\t\t\t\t\t<\/div>\n\t\t\t\t<\/div>\n\t\t\t\t<\/div>","protected":false},"excerpt":{"rendered":"<p>Angaben gem\u00e4\u00df \u00a7 5 TMG: Regenbogen Real Estate GmbHIn den Br\u00fchlwiesen 7b61352 Bad Homburg v. d. H. \/ Deutschland Vertreten durch:Frau Melek Cicek Kontakt:Telefon: +49 \u2013 6172 265 95 55E-Mail:\u00a0info[at]regenbogen-immo.de Registereintrag:Eintragung im Handelsregister.Registergericht:Amtsgericht Bad Homburg. v. d. H.Registernummer: HRB 12675 Umsatzsteuer-ID:Umsatzsteuer-Identifikationsnummer gem\u00e4\u00df \u00a727 a Umsatzsteuergesetz:003 242 17036 Aufsichtsbeh\u00f6rde:Ordnungsamt Bad Homburg v. d. H. Rathausplatz 1 &hellip; <\/p>\n<p class=\"link-more\"><a href=\"https:\/\/rgbn-re.savo-lee.com\/tr\/impressum\/\" class=\"more-link\">Daha fazla bilgi edinin <span class=\"screen-reader-text\"> &#8222;Impressum&#8220;<\/span><\/a><\/p>","protected":false},"author":1,"featured_media":0,"parent":0,"menu_order":0,"comment_status":"closed","ping_status":"open","template":"","meta":{"footnotes":""},"class_list":["post-3","page","type-page","status-publish","hentry"],"_links":{"self":[{"href":"https:\/\/rgbn-re.savo-lee.com\/tr\/wp-json\/wp\/v2\/pages\/3","targetHints":{"allow":["GET"]}}],"collection":[{"href":"https:\/\/rgbn-re.savo-lee.com\/tr\/wp-json\/wp\/v2\/pages"}],"about":[{"href":"https:\/\/rgbn-re.savo-lee.com\/tr\/wp-json\/wp\/v2\/types\/page"}],"author":[{"embeddable":true,"href":"https:\/\/rgbn-re.savo-lee.com\/tr\/wp-json\/wp\/v2\/users\/1"}],"replies":[{"embeddable":true,"href":"https:\/\/rgbn-re.savo-lee.com\/tr\/wp-json\/wp\/v2\/comments?post=3"}],"version-history":[{"count":4,"href":"https:\/\/rgbn-re.savo-lee.com\/tr\/wp-json\/wp\/v2\/pages\/3\/revisions"}],"predecessor-version":[{"id":6947,"href":"https:\/\/rgbn-re.savo-lee.com\/tr\/wp-json\/wp\/v2\/pages\/3\/revisions\/6947"}],"wp:attachment":[{"href":"https:\/\/rgbn-re.savo-lee.com\/tr\/wp-json\/wp\/v2\/media?parent=3"}],"curies":[{"name":"wp","href":"https:\/\/api.w.org\/{rel}","templated":true}]}}