{"id":368,"date":"2019-10-23T09:38:23","date_gmt":"2019-10-23T09:38:23","guid":{"rendered":"https:\/\/demo2wpopal.b-cdn.net\/rehomes\/?page_id=368"},"modified":"2019-10-23T09:38:23","modified_gmt":"2019-10-23T09:38:23","slug":"faq","status":"publish","type":"page","link":"https:\/\/rgbn-re.savo-lee.com\/tr\/faq\/","title":{"rendered":"SSS"},"content":{"rendered":"<div data-elementor-type=\"wp-page\" data-elementor-id=\"368\" class=\"elementor elementor-368\" data-elementor-post-type=\"page\">\n\t\t\t\t\t\t<section class=\"elementor-section elementor-top-section elementor-element elementor-element-80ccb28 elementor-section-stretched elementor-section-content-middle elementor-section-boxed elementor-section-height-default elementor-section-height-default\" data-id=\"80ccb28\" data-element_type=\"section\" data-settings=\"{&quot;stretch_section&quot;:&quot;section-stretched&quot;}\">\n\t\t\t\t\t\t<div class=\"elementor-container elementor-column-gap-no\">\n\t\t\t\t\t<div class=\"elementor-column elementor-col-50 elementor-top-column elementor-element elementor-element-f45c8bd\" data-id=\"f45c8bd\" data-element_type=\"column\">\n\t\t\t<div class=\"elementor-widget-wrap elementor-element-populated\">\n\t\t\t\t\t\t<div class=\"elementor-element elementor-element-0db11bd animated-fast elementor-invisible elementor-widget elementor-widget-heading\" data-id=\"0db11bd\" data-element_type=\"widget\" data-settings=\"{&quot;_animation&quot;:&quot;opal-move-up&quot;}\" data-widget_type=\"heading.default\">\n\t\t\t\t<div class=\"elementor-widget-container\">\n\t\t\t\t\t<div class=\"elementor-heading-wrapper\" ><div class=\"elementor-heading-wrapper-inner\"><h2 class=\"elementor-heading-title elementor-size-default\">Genel sorular<\/h2><\/div><\/div>\t\t\t\t<\/div>\n\t\t\t\t<\/div>\n\t\t\t\t<div class=\"elementor-element elementor-element-954e108 animated-fast elementor-invisible elementor-widget elementor-widget-accordion\" data-id=\"954e108\" data-element_type=\"widget\" data-settings=\"{&quot;_animation&quot;:&quot;opal-move-up&quot;}\" data-widget_type=\"accordion.default\">\n\t\t\t\t<div class=\"elementor-widget-container\">\n\t\t\t\t\t\t\t<div class=\"elementor-accordion\">\n\t\t\t\t\t\t\t<div class=\"elementor-accordion-item\">\n\t\t\t\t\t<div id=\"elementor-tab-title-1561\" class=\"elementor-tab-title\" data-tab=\"1\" role=\"button\" aria-controls=\"elementor-tab-content-1561\" aria-expanded=\"false\">\n\t\t\t\t\t\t\t\t\t\t\t\t\t<span class=\"elementor-accordion-icon elementor-accordion-icon-left\" aria-hidden=\"true\">\n\t\t\t\t\t\t\t\t\t\t\t\t\t\t\t<span class=\"elementor-accordion-icon-closed\"><i class=\"opal-icon- opal-icon-plus\"><\/i><\/span>\n\t\t\t\t\t\t\t\t<span class=\"elementor-accordion-icon-opened\"><i class=\"opal-icon- opal-icon-minus\"><\/i><\/span>\n\t\t\t\t\t\t\t\t\t\t\t\t\t\t<\/span>\n\t\t\t\t\t\t\t\t\t\t\t\t<a class=\"elementor-accordion-title\" tabindex=\"0\">01. y\u00fcksek kali\u0307teli\u0307 odalar<\/a>\n\t\t\t\t\t<\/div>\n\t\t\t\t\t<div id=\"elementor-tab-content-1561\" class=\"elementor-tab-content elementor-clearfix\" data-tab=\"1\" role=\"region\" aria-labelledby=\"elementor-tab-title-1561\"><p>G\u00fczel Kemmanagundi da\u011flar\u0131n\u0131n eteklerinde yer alan ve ini\u015fli \u00e7\u0131k\u0131\u015fl\u0131 tar\u0131m arazileriyle \u00e7evrili kamp\u00fcs\u00fcm\u00fcz\u00fcn tamam\u0131 y\u00fczlerce e\u011frelti otu, meyve, \u00e7i\u00e7ek, bitki ve a\u011fa\u00e7 t\u00fcr\u00fcyle doludur. Sizin ve sevdiklerinizin dinlenip tazelenebilmesi i\u00e7in yemye\u015fil tropik bir bah\u00e7e yaratt\u0131k.<\/p><\/div>\n\t\t\t\t<\/div>\n\t\t\t\t\t\t\t<div class=\"elementor-accordion-item\">\n\t\t\t\t\t<div id=\"elementor-tab-title-1562\" class=\"elementor-tab-title\" data-tab=\"2\" role=\"button\" aria-controls=\"elementor-tab-content-1562\" aria-expanded=\"false\">\n\t\t\t\t\t\t\t\t\t\t\t\t\t<span class=\"elementor-accordion-icon elementor-accordion-icon-left\" aria-hidden=\"true\">\n\t\t\t\t\t\t\t\t\t\t\t\t\t\t\t<span class=\"elementor-accordion-icon-closed\"><i class=\"opal-icon- opal-icon-plus\"><\/i><\/span>\n\t\t\t\t\t\t\t\t<span class=\"elementor-accordion-icon-opened\"><i class=\"opal-icon- opal-icon-minus\"><\/i><\/span>\n\t\t\t\t\t\t\t\t\t\t\t\t\t\t<\/span>\n\t\t\t\t\t\t\t\t\t\t\t\t<a class=\"elementor-accordion-title\" tabindex=\"0\">02 En \u0130yi Olanaklar En \u0130yi Fiyata <\/a>\n\t\t\t\t\t<\/div>\n\t\t\t\t\t<div id=\"elementor-tab-content-1562\" class=\"elementor-tab-content elementor-clearfix\" data-tab=\"2\" role=\"region\" aria-labelledby=\"elementor-tab-title-1562\"><p>G\u00fczel Kemmanagundi da\u011flar\u0131n\u0131n eteklerinde yer alan ve ini\u015fli \u00e7\u0131k\u0131\u015fl\u0131 tar\u0131m arazileriyle \u00e7evrili kamp\u00fcs\u00fcm\u00fcz\u00fcn tamam\u0131 y\u00fczlerce e\u011frelti otu, meyve, \u00e7i\u00e7ek, bitki ve a\u011fa\u00e7 t\u00fcr\u00fcyle doludur. Sizin ve sevdiklerinizin dinlenip tazelenebilmesi i\u00e7in yemye\u015fil tropik bir bah\u00e7e yaratt\u0131k.<\/p><\/div>\n\t\t\t\t<\/div>\n\t\t\t\t\t\t\t<div class=\"elementor-accordion-item\">\n\t\t\t\t\t<div id=\"elementor-tab-title-1563\" class=\"elementor-tab-title\" data-tab=\"3\" role=\"button\" aria-controls=\"elementor-tab-content-1563\" aria-expanded=\"false\">\n\t\t\t\t\t\t\t\t\t\t\t\t\t<span class=\"elementor-accordion-icon elementor-accordion-icon-left\" aria-hidden=\"true\">\n\t\t\t\t\t\t\t\t\t\t\t\t\t\t\t<span class=\"elementor-accordion-icon-closed\"><i class=\"opal-icon- opal-icon-plus\"><\/i><\/span>\n\t\t\t\t\t\t\t\t<span class=\"elementor-accordion-icon-opened\"><i class=\"opal-icon- opal-icon-minus\"><\/i><\/span>\n\t\t\t\t\t\t\t\t\t\t\t\t\t\t<\/span>\n\t\t\t\t\t\t\t\t\t\t\t\t<a class=\"elementor-accordion-title\" tabindex=\"0\">03 Turistik Yerlere H\u0131zl\u0131 Eri\u015fim<\/a>\n\t\t\t\t\t<\/div>\n\t\t\t\t\t<div id=\"elementor-tab-content-1563\" class=\"elementor-tab-content elementor-clearfix\" data-tab=\"3\" role=\"region\" aria-labelledby=\"elementor-tab-title-1563\"><p>G\u00fczel Kemmanagundi da\u011flar\u0131n\u0131n eteklerinde yer alan ve ini\u015fli \u00e7\u0131k\u0131\u015fl\u0131 tar\u0131m arazileriyle \u00e7evrili kamp\u00fcs\u00fcm\u00fcz\u00fcn tamam\u0131 y\u00fczlerce e\u011frelti otu, meyve, \u00e7i\u00e7ek, bitki ve a\u011fa\u00e7 t\u00fcr\u00fcyle doludur. Sizin ve sevdiklerinizin dinlenip tazelenebilmesi i\u00e7in yemye\u015fil tropik bir bah\u00e7e yaratt\u0131k.<\/p><\/div>\n\t\t\t\t<\/div>\n\t\t\t\t\t\t\t<div class=\"elementor-accordion-item\">\n\t\t\t\t\t<div id=\"elementor-tab-title-1564\" class=\"elementor-tab-title\" data-tab=\"4\" role=\"button\" aria-controls=\"elementor-tab-content-1564\" aria-expanded=\"false\">\n\t\t\t\t\t\t\t\t\t\t\t\t\t<span class=\"elementor-accordion-icon elementor-accordion-icon-left\" aria-hidden=\"true\">\n\t\t\t\t\t\t\t\t\t\t\t\t\t\t\t<span class=\"elementor-accordion-icon-closed\"><i class=\"opal-icon- opal-icon-plus\"><\/i><\/span>\n\t\t\t\t\t\t\t\t<span class=\"elementor-accordion-icon-opened\"><i class=\"opal-icon- opal-icon-minus\"><\/i><\/span>\n\t\t\t\t\t\t\t\t\t\t\t\t\t\t<\/span>\n\t\t\t\t\t\t\t\t\t\t\t\t<a class=\"elementor-accordion-title\" tabindex=\"0\">04. alma ve b\u0131rakma tesisi<\/a>\n\t\t\t\t\t<\/div>\n\t\t\t\t\t<div id=\"elementor-tab-content-1564\" class=\"elementor-tab-content elementor-clearfix\" data-tab=\"4\" role=\"region\" aria-labelledby=\"elementor-tab-title-1564\"><p>G\u00fczel Kemmanagundi da\u011flar\u0131n\u0131n eteklerinde yer alan ve ini\u015fli \u00e7\u0131k\u0131\u015fl\u0131 tar\u0131m arazileriyle \u00e7evrili kamp\u00fcs\u00fcm\u00fcz\u00fcn tamam\u0131 y\u00fczlerce e\u011frelti otu, meyve, \u00e7i\u00e7ek, bitki ve a\u011fa\u00e7 t\u00fcr\u00fcyle doludur. Sizin ve sevdiklerinizin dinlenip tazelenebilmesi i\u00e7in yemye\u015fil tropik bir bah\u00e7e yaratt\u0131k.<\/p><\/div>\n\t\t\t\t<\/div>\n\t\t\t\t\t\t\t<div class=\"elementor-accordion-item\">\n\t\t\t\t\t<div id=\"elementor-tab-title-1565\" class=\"elementor-tab-title\" data-tab=\"5\" role=\"button\" aria-controls=\"elementor-tab-content-1565\" aria-expanded=\"false\">\n\t\t\t\t\t\t\t\t\t\t\t\t\t<span class=\"elementor-accordion-icon elementor-accordion-icon-left\" aria-hidden=\"true\">\n\t\t\t\t\t\t\t\t\t\t\t\t\t\t\t<span class=\"elementor-accordion-icon-closed\"><i class=\"opal-icon- opal-icon-plus\"><\/i><\/span>\n\t\t\t\t\t\t\t\t<span class=\"elementor-accordion-icon-opened\"><i class=\"opal-icon- opal-icon-minus\"><\/i><\/span>\n\t\t\t\t\t\t\t\t\t\t\t\t\t\t<\/span>\n\t\t\t\t\t\t\t\t\t\t\t\t<a class=\"elementor-accordion-title\" tabindex=\"0\">05. ba\u011fimsiz evler<\/a>\n\t\t\t\t\t<\/div>\n\t\t\t\t\t<div id=\"elementor-tab-content-1565\" class=\"elementor-tab-content elementor-clearfix\" data-tab=\"5\" role=\"region\" aria-labelledby=\"elementor-tab-title-1565\"><p>G\u00fczel Kemmanagundi da\u011flar\u0131n\u0131n eteklerinde yer alan ve ini\u015fli \u00e7\u0131k\u0131\u015fl\u0131 tar\u0131m arazileriyle \u00e7evrili kamp\u00fcs\u00fcm\u00fcz\u00fcn tamam\u0131 y\u00fczlerce e\u011frelti otu, meyve, \u00e7i\u00e7ek, bitki ve a\u011fa\u00e7 t\u00fcr\u00fcyle doludur. Sizin ve sevdiklerinizin dinlenip tazelenebilmesi i\u00e7in yemye\u015fil tropik bir bah\u00e7e yaratt\u0131k.<\/p><\/div>\n\t\t\t\t<\/div>\n\t\t\t\t\t\t\t\t<\/div>\n\t\t\t\t\t\t<\/div>\n\t\t\t\t<\/div>\n\t\t\t\t\t<\/div>\n\t\t<\/div>\n\t\t\t\t<div class=\"elementor-column elementor-col-50 elementor-top-column elementor-element elementor-element-3613d8b animated-fast elementor-invisible\" data-id=\"3613d8b\" data-element_type=\"column\" data-settings=\"{&quot;background_background&quot;:&quot;classic&quot;,&quot;animation&quot;:&quot;opal-move-up&quot;,&quot;animation_delay&quot;:150}\">\n\t\t\t<div class=\"elementor-widget-wrap elementor-element-populated\">\n\t\t\t\t\t\t<div class=\"elementor-element elementor-element-f963664 elementor-widget elementor-widget-spacer\" data-id=\"f963664\" data-element_type=\"widget\" data-widget_type=\"spacer.default\">\n\t\t\t\t<div class=\"elementor-widget-container\">\n\t\t\t\t\t        <div class=\"elementor-spacer\">\n            <div class=\"elementor-spacer-inner\"><\/div>\n        <\/div>\n\t\t\t\t\t\t<\/div>\n\t\t\t\t<\/div>\n\t\t\t\t\t<\/div>\n\t\t<\/div>\n\t\t\t\t\t<\/div>\n\t\t<\/section>\n\t\t\t\t<section class=\"elementor-section elementor-top-section elementor-element elementor-element-99b7ad8 elementor-section-stretched elementor-section-content-middle elementor-section-boxed elementor-section-height-default elementor-section-height-default\" data-id=\"99b7ad8\" data-element_type=\"section\" data-settings=\"{&quot;stretch_section&quot;:&quot;section-stretched&quot;}\">\n\t\t\t\t\t\t<div class=\"elementor-container elementor-column-gap-no\">\n\t\t\t\t\t<div class=\"elementor-column elementor-col-50 elementor-top-column elementor-element elementor-element-b2ca0f3 animated-fast elementor-invisible\" data-id=\"b2ca0f3\" data-element_type=\"column\" data-settings=\"{&quot;background_background&quot;:&quot;classic&quot;,&quot;animation&quot;:&quot;opal-move-up&quot;}\">\n\t\t\t<div class=\"elementor-widget-wrap elementor-element-populated\">\n\t\t\t\t\t\t<div class=\"elementor-element elementor-element-11b2480 elementor-widget elementor-widget-spacer\" data-id=\"11b2480\" data-element_type=\"widget\" data-widget_type=\"spacer.default\">\n\t\t\t\t<div class=\"elementor-widget-container\">\n\t\t\t\t\t        <div class=\"elementor-spacer\">\n            <div class=\"elementor-spacer-inner\"><\/div>\n        <\/div>\n\t\t\t\t\t\t<\/div>\n\t\t\t\t<\/div>\n\t\t\t\t\t<\/div>\n\t\t<\/div>\n\t\t\t\t<div class=\"elementor-column elementor-col-50 elementor-top-column elementor-element elementor-element-80a58af\" data-id=\"80a58af\" data-element_type=\"column\">\n\t\t\t<div class=\"elementor-widget-wrap elementor-element-populated\">\n\t\t\t\t\t\t<div class=\"elementor-element elementor-element-3dea2d3 animated-fast elementor-invisible elementor-widget elementor-widget-heading\" data-id=\"3dea2d3\" data-element_type=\"widget\" data-settings=\"{&quot;_animation&quot;:&quot;opal-move-up&quot;}\" data-widget_type=\"heading.default\">\n\t\t\t\t<div class=\"elementor-widget-container\">\n\t\t\t\t\t<div class=\"elementor-heading-wrapper\" ><div class=\"elementor-heading-wrapper-inner\"><h2 class=\"elementor-heading-title elementor-size-default\">Di\u011fer sorular<\/h2><\/div><\/div>\t\t\t\t<\/div>\n\t\t\t\t<\/div>\n\t\t\t\t<div class=\"elementor-element elementor-element-ac2b71d animated-fast elementor-invisible elementor-widget elementor-widget-accordion\" data-id=\"ac2b71d\" data-element_type=\"widget\" data-settings=\"{&quot;_animation&quot;:&quot;opal-move-up&quot;}\" data-widget_type=\"accordion.default\">\n\t\t\t\t<div class=\"elementor-widget-container\">\n\t\t\t\t\t\t\t<div class=\"elementor-accordion\">\n\t\t\t\t\t\t\t<div class=\"elementor-accordion-item\">\n\t\t\t\t\t<div id=\"elementor-tab-title-1801\" class=\"elementor-tab-title\" data-tab=\"1\" role=\"button\" aria-controls=\"elementor-tab-content-1801\" aria-expanded=\"false\">\n\t\t\t\t\t\t\t\t\t\t\t\t\t<span class=\"elementor-accordion-icon elementor-accordion-icon-left\" aria-hidden=\"true\">\n\t\t\t\t\t\t\t\t\t\t\t\t\t\t\t<span class=\"elementor-accordion-icon-closed\"><i class=\"opal-icon- opal-icon-plus\"><\/i><\/span>\n\t\t\t\t\t\t\t\t<span class=\"elementor-accordion-icon-opened\"><i class=\"opal-icon- opal-icon-minus\"><\/i><\/span>\n\t\t\t\t\t\t\t\t\t\t\t\t\t\t<\/span>\n\t\t\t\t\t\t\t\t\t\t\t\t<a class=\"elementor-accordion-title\" tabindex=\"0\">06 Turiest K\u0131lavuz Deste\u011fi<\/a>\n\t\t\t\t\t<\/div>\n\t\t\t\t\t<div id=\"elementor-tab-content-1801\" class=\"elementor-tab-content elementor-clearfix\" data-tab=\"1\" role=\"region\" aria-labelledby=\"elementor-tab-title-1801\">G\u00fczel Kemmanagundi da\u011flar\u0131n\u0131n eteklerinde yer alan ve ini\u015fli \u00e7\u0131k\u0131\u015fl\u0131 tar\u0131m arazileriyle \u00e7evrili kamp\u00fcs\u00fcm\u00fcz\u00fcn tamam\u0131 y\u00fczlerce e\u011frelti otu, meyve, \u00e7i\u00e7ek, bitki ve a\u011fa\u00e7 t\u00fcr\u00fcyle doludur. Sizin ve sevdiklerinizin dinlenip tazelenebilmesi i\u00e7in yemye\u015fil tropik bir bah\u00e7e yaratt\u0131k.<\/div>\n\t\t\t\t<\/div>\n\t\t\t\t\t\t\t<div class=\"elementor-accordion-item\">\n\t\t\t\t\t<div id=\"elementor-tab-title-1802\" class=\"elementor-tab-title\" data-tab=\"2\" role=\"button\" aria-controls=\"elementor-tab-content-1802\" aria-expanded=\"false\">\n\t\t\t\t\t\t\t\t\t\t\t\t\t<span class=\"elementor-accordion-icon elementor-accordion-icon-left\" aria-hidden=\"true\">\n\t\t\t\t\t\t\t\t\t\t\t\t\t\t\t<span class=\"elementor-accordion-icon-closed\"><i class=\"opal-icon- opal-icon-plus\"><\/i><\/span>\n\t\t\t\t\t\t\t\t<span class=\"elementor-accordion-icon-opened\"><i class=\"opal-icon- opal-icon-minus\"><\/i><\/span>\n\t\t\t\t\t\t\t\t\t\t\t\t\t\t<\/span>\n\t\t\t\t\t\t\t\t\t\t\t\t<a class=\"elementor-accordion-title\" tabindex=\"0\">07 Y\u00fcksek S\u0131n\u0131f G\u00fcvenlik<\/a>\n\t\t\t\t\t<\/div>\n\t\t\t\t\t<div id=\"elementor-tab-content-1802\" class=\"elementor-tab-content elementor-clearfix\" data-tab=\"2\" role=\"region\" aria-labelledby=\"elementor-tab-title-1802\">G\u00fczel Kemmanagundi da\u011flar\u0131n\u0131n eteklerinde yer alan ve ini\u015fli \u00e7\u0131k\u0131\u015fl\u0131 tar\u0131m arazileriyle \u00e7evrili kamp\u00fcs\u00fcm\u00fcz\u00fcn tamam\u0131 y\u00fczlerce e\u011frelti otu, meyve, \u00e7i\u00e7ek, bitki ve a\u011fa\u00e7 t\u00fcr\u00fcyle doludur. Sizin ve sevdiklerinizin dinlenip tazelenebilmesi i\u00e7in yemye\u015fil tropik bir bah\u00e7e yaratt\u0131k.<\/div>\n\t\t\t\t<\/div>\n\t\t\t\t\t\t\t<div class=\"elementor-accordion-item\">\n\t\t\t\t\t<div id=\"elementor-tab-title-1803\" class=\"elementor-tab-title\" data-tab=\"3\" role=\"button\" aria-controls=\"elementor-tab-content-1803\" aria-expanded=\"false\">\n\t\t\t\t\t\t\t\t\t\t\t\t\t<span class=\"elementor-accordion-icon elementor-accordion-icon-left\" aria-hidden=\"true\">\n\t\t\t\t\t\t\t\t\t\t\t\t\t\t\t<span class=\"elementor-accordion-icon-closed\"><i class=\"opal-icon- opal-icon-plus\"><\/i><\/span>\n\t\t\t\t\t\t\t\t<span class=\"elementor-accordion-icon-opened\"><i class=\"opal-icon- opal-icon-minus\"><\/i><\/span>\n\t\t\t\t\t\t\t\t\t\t\t\t\t\t<\/span>\n\t\t\t\t\t\t\t\t\t\t\t\t<a class=\"elementor-accordion-title\" tabindex=\"0\">08 Do\u011fal D\u0131\u015f G\u00f6r\u00fcn\u00fcm<\/a>\n\t\t\t\t\t<\/div>\n\t\t\t\t\t<div id=\"elementor-tab-content-1803\" class=\"elementor-tab-content elementor-clearfix\" data-tab=\"3\" role=\"region\" aria-labelledby=\"elementor-tab-title-1803\">G\u00fczel Kemmanagundi da\u011flar\u0131n\u0131n eteklerinde yer alan ve ini\u015fli \u00e7\u0131k\u0131\u015fl\u0131 tar\u0131m arazileriyle \u00e7evrili kamp\u00fcs\u00fcm\u00fcz\u00fcn tamam\u0131 y\u00fczlerce e\u011frelti otu, meyve, \u00e7i\u00e7ek, bitki ve a\u011fa\u00e7 t\u00fcr\u00fcyle doludur. Sizin ve sevdiklerinizin dinlenip tazelenebilmesi i\u00e7in yemye\u015fil tropik bir bah\u00e7e yaratt\u0131k.<\/div>\n\t\t\t\t<\/div>\n\t\t\t\t\t\t\t<div class=\"elementor-accordion-item\">\n\t\t\t\t\t<div id=\"elementor-tab-title-1804\" class=\"elementor-tab-title\" data-tab=\"4\" role=\"button\" aria-controls=\"elementor-tab-content-1804\" aria-expanded=\"false\">\n\t\t\t\t\t\t\t\t\t\t\t\t\t<span class=\"elementor-accordion-icon elementor-accordion-icon-left\" aria-hidden=\"true\">\n\t\t\t\t\t\t\t\t\t\t\t\t\t\t\t<span class=\"elementor-accordion-icon-closed\"><i class=\"opal-icon- opal-icon-plus\"><\/i><\/span>\n\t\t\t\t\t\t\t\t<span class=\"elementor-accordion-icon-opened\"><i class=\"opal-icon- opal-icon-minus\"><\/i><\/span>\n\t\t\t\t\t\t\t\t\t\t\t\t\t\t<\/span>\n\t\t\t\t\t\t\t\t\t\t\t\t<a class=\"elementor-accordion-title\" tabindex=\"0\">09 Kamp Ate\u015fi ve Do\u011fa Y\u00fcr\u00fcy\u00fc\u015fleri<\/a>\n\t\t\t\t\t<\/div>\n\t\t\t\t\t<div id=\"elementor-tab-content-1804\" class=\"elementor-tab-content elementor-clearfix\" data-tab=\"4\" role=\"region\" aria-labelledby=\"elementor-tab-title-1804\">G\u00fczel Kemmanagundi da\u011flar\u0131n\u0131n eteklerinde yer alan ve ini\u015fli \u00e7\u0131k\u0131\u015fl\u0131 tar\u0131m arazileriyle \u00e7evrili kamp\u00fcs\u00fcm\u00fcz\u00fcn tamam\u0131 y\u00fczlerce e\u011frelti otu, meyve, \u00e7i\u00e7ek, bitki ve a\u011fa\u00e7 t\u00fcr\u00fcyle doludur. Sizin ve sevdiklerinizin dinlenip tazelenebilmesi i\u00e7in yemye\u015fil tropik bir bah\u00e7e yaratt\u0131k.<\/div>\n\t\t\t\t<\/div>\n\t\t\t\t\t\t\t<div class=\"elementor-accordion-item\">\n\t\t\t\t\t<div id=\"elementor-tab-title-1805\" class=\"elementor-tab-title\" data-tab=\"5\" role=\"button\" aria-controls=\"elementor-tab-content-1805\" aria-expanded=\"false\">\n\t\t\t\t\t\t\t\t\t\t\t\t\t<span class=\"elementor-accordion-icon elementor-accordion-icon-left\" aria-hidden=\"true\">\n\t\t\t\t\t\t\t\t\t\t\t\t\t\t\t<span class=\"elementor-accordion-icon-closed\"><i class=\"opal-icon- opal-icon-plus\"><\/i><\/span>\n\t\t\t\t\t\t\t\t<span class=\"elementor-accordion-icon-opened\"><i class=\"opal-icon- opal-icon-minus\"><\/i><\/span>\n\t\t\t\t\t\t\t\t\t\t\t\t\t\t<\/span>\n\t\t\t\t\t\t\t\t\t\t\t\t<a class=\"elementor-accordion-title\" tabindex=\"0\">10. ba\u011f\u0131ms\u0131z evler<\/a>\n\t\t\t\t\t<\/div>\n\t\t\t\t\t<div id=\"elementor-tab-content-1805\" class=\"elementor-tab-content elementor-clearfix\" data-tab=\"5\" role=\"region\" aria-labelledby=\"elementor-tab-title-1805\">G\u00fczel Kemmanagundi da\u011flar\u0131n\u0131n eteklerinde yer alan ve ini\u015fli \u00e7\u0131k\u0131\u015fl\u0131 tar\u0131m arazileriyle \u00e7evrili kamp\u00fcs\u00fcm\u00fcz\u00fcn tamam\u0131 y\u00fczlerce e\u011frelti otu, meyve, \u00e7i\u00e7ek, bitki ve a\u011fa\u00e7 t\u00fcr\u00fcyle doludur. Sizin ve sevdiklerinizin dinlenip tazelenebilmesi i\u00e7in yemye\u015fil tropik bir bah\u00e7e yaratt\u0131k.<\/div>\n\t\t\t\t<\/div>\n\t\t\t\t\t\t\t\t<\/div>\n\t\t\t\t\t\t<\/div>\n\t\t\t\t<\/div>\n\t\t\t\t\t<\/div>\n\t\t<\/div>\n\t\t\t\t\t<\/div>\n\t\t<\/section>\n\t\t\t\t<\/div>","protected":false},"excerpt":{"rendered":"","protected":false},"author":1,"featured_media":0,"parent":0,"menu_order":0,"comment_status":"closed","ping_status":"closed","template":"","meta":{"footnotes":""},"class_list":["post-368","page","type-page","status-publish","hentry"],"_links":{"self":[{"href":"https:\/\/rgbn-re.savo-lee.com\/tr\/wp-json\/wp\/v2\/pages\/368","targetHints":{"allow":["GET"]}}],"collection":[{"href":"https:\/\/rgbn-re.savo-lee.com\/tr\/wp-json\/wp\/v2\/pages"}],"about":[{"href":"https:\/\/rgbn-re.savo-lee.com\/tr\/wp-json\/wp\/v2\/types\/page"}],"author":[{"embeddable":true,"href":"https:\/\/rgbn-re.savo-lee.com\/tr\/wp-json\/wp\/v2\/users\/1"}],"replies":[{"embeddable":true,"href":"https:\/\/rgbn-re.savo-lee.com\/tr\/wp-json\/wp\/v2\/comments?post=368"}],"version-history":[{"count":0,"href":"https:\/\/rgbn-re.savo-lee.com\/tr\/wp-json\/wp\/v2\/pages\/368\/revisions"}],"wp:attachment":[{"href":"https:\/\/rgbn-re.savo-lee.com\/tr\/wp-json\/wp\/v2\/media?parent=368"}],"curies":[{"name":"wp","href":"https:\/\/api.w.org\/{rel}","templated":true}]}}