{"id":538,"date":"2019-10-25T08:02:41","date_gmt":"2019-10-25T08:02:41","guid":{"rendered":"https:\/\/demo2wpopal.b-cdn.net\/rehomes\/?page_id=538"},"modified":"2019-10-25T08:02:41","modified_gmt":"2019-10-25T08:02:41","slug":"awards-recognition","status":"publish","type":"page","link":"https:\/\/rgbn-re.savo-lee.com\/tr\/awards-recognition\/","title":{"rendered":"\u00d6d\u00fcller ve takdir"},"content":{"rendered":"<div data-elementor-type=\"wp-page\" data-elementor-id=\"538\" class=\"elementor elementor-538\" data-elementor-post-type=\"page\">\n\t\t\t\t\t\t<section class=\"elementor-section elementor-top-section elementor-element elementor-element-7381ff0 elementor-section-boxed elementor-section-height-default elementor-section-height-default\" data-id=\"7381ff0\" data-element_type=\"section\">\n\t\t\t\t\t\t<div class=\"elementor-container elementor-column-gap-no\">\n\t\t\t\t\t<div class=\"elementor-column elementor-col-100 elementor-top-column elementor-element elementor-element-2be947e\" data-id=\"2be947e\" data-element_type=\"column\">\n\t\t\t<div class=\"elementor-widget-wrap elementor-element-populated\">\n\t\t\t\t\t\t<div class=\"elementor-element elementor-element-6a0d986 animated-fast elementor-invisible elementor-widget elementor-widget-heading\" data-id=\"6a0d986\" data-element_type=\"widget\" data-settings=\"{&quot;_animation&quot;:&quot;opal-move-up&quot;}\" data-widget_type=\"heading.default\">\n\t\t\t\t<div class=\"elementor-widget-container\">\n\t\t\t\t\t<div class=\"elementor-heading-wrapper\" ><div class=\"elementor-heading-wrapper-inner\"><h2 class=\"elementor-heading-title elementor-size-default\">Y\u0131llard\u0131r dimdik ayakta duran bir isim<br> 30 y\u0131l\u0131 a\u015fk\u0131n s\u00fcredir<\/h2><\/div><\/div>\t\t\t\t<\/div>\n\t\t\t\t<\/div>\n\t\t\t\t<div class=\"elementor-element elementor-element-a042ab7 animated-fast elementor-invisible elementor-widget elementor-widget-text-editor\" data-id=\"a042ab7\" data-element_type=\"widget\" data-settings=\"{&quot;_animation&quot;:&quot;opal-move-up&quot;}\" data-widget_type=\"text-editor.default\">\n\t\t\t\t<div class=\"elementor-widget-container\">\n\t\t\t\t\t        <div class=\"elementor-text-editor elementor-clearfix\"><p>ReHomes Group yolculu\u011funa neredeyse 30 y\u0131l \u00f6nce ba\u015flad\u0131. Grup sa\u011flam bir \u015fekilde<br \/>Gayrimenkul sekt\u00f6r\u00fcnde g\u00fcvenilir ve itibarl\u0131 bir kurulu\u015f olarak kendini kan\u0131tlam\u0131\u015ft\u0131r. <br \/>Kalite sunan end\u00fcstri.<\/p><\/div>\n        \t\t\t\t<\/div>\n\t\t\t\t<\/div>\n\t\t\t\t\t<\/div>\n\t\t<\/div>\n\t\t\t\t\t<\/div>\n\t\t<\/section>\n\t\t\t\t<section class=\"elementor-section elementor-top-section elementor-element elementor-element-d101645 animated-fast elementor-section-boxed elementor-section-height-default elementor-section-height-default elementor-invisible\" data-id=\"d101645\" data-element_type=\"section\" data-settings=\"{&quot;animation&quot;:&quot;opal-move-up&quot;}\">\n\t\t\t\t\t\t<div class=\"elementor-container elementor-column-gap-no\">\n\t\t\t\t\t<div class=\"elementor-column elementor-col-100 elementor-top-column elementor-element elementor-element-5c25c92\" data-id=\"5c25c92\" data-element_type=\"column\">\n\t\t\t<div class=\"elementor-widget-wrap elementor-element-populated\">\n\t\t\t\t\t\t<div class=\"elementor-element elementor-element-af8cd44 elementor-widget elementor-widget-opal-awards\" data-id=\"af8cd44\" data-element_type=\"widget\" data-widget_type=\"opal-awards.default\">\n\t\t\t\t<div class=\"elementor-widget-container\">\n\t\t\t\t\t            <div class=\"elementor-awards-wrapper awards-style-2\">\n                <div class=\"row\" data-elementor-columns=\"3\" data-elementor-columns-tablet=\"2\">\n                                            <div class=\"column-item elementor-content-item\">\n                            <div class=\"elementor-content-item-inner\">\n                                <div class=\"elementor_awards_image\">\n                                                                            <span class=\"awards_icon_overlay\">\n                                            <i aria-hidden=\"true\" class=\"opal-icon-award\"><\/i>\n                                        <\/span>\n                                                                    <figure class=\"elementor-image-box-img\"><img decoding=\"async\" src=\"https:\/\/rgbn-re.savo-lee.com\/wp-content\/uploads\/2019\/10\/about-1.jpg\" title=\"yakla\u015f\u0131k-1\" alt=\"about-1\" loading=\"lazy\" \/><\/figure>                                <\/div>\n                                <div class=\"elementor-content-wrap\">\n                                    <span class=\"elementor-years\">2017<\/span>\n                                    <h5 class=\"elementor-awards-title\">Milli Emlak<br> M\u00fckemmellik \u00d6d\u00fclleri<\/h5>                                    <div class=\"elementor-content\">\n                                        <p>En \u0130yi L\u00fcks Emlak \u015eirketi<\/p>                                    <\/div>\n                                <\/div>\n                            <\/div>\n                        <\/div>\n                                            <div class=\"column-item elementor-content-item\">\n                            <div class=\"elementor-content-item-inner\">\n                                <div class=\"elementor_awards_image\">\n                                                                            <span class=\"awards_icon_overlay\">\n                                            <i aria-hidden=\"true\" class=\"opal-icon-award\"><\/i>\n                                        <\/span>\n                                                                    <figure class=\"elementor-image-box-img elementor-image-box-img\"><img decoding=\"async\" src=\"https:\/\/rgbn-re.savo-lee.com\/wp-content\/uploads\/2019\/10\/about-2.jpg\" title=\"yakla\u015f\u0131k-2\" alt=\"about-2\" loading=\"lazy\" \/><\/figure>                                <\/div>\n                                <div class=\"elementor-content-wrap\">\n                                    <span class=\"elementor-years\">2019<\/span>\n                                    <h5 class=\"elementor-awards-title\">ET \u015eimdi Emlak<br> \u00d6d\u00fcller<\/h5>                                    <div class=\"elementor-content\">\n                                        <p>En Umut Verici Teslimat<\/p>                                    <\/div>\n                                <\/div>\n                            <\/div>\n                        <\/div>\n                                            <div class=\"column-item elementor-content-item\">\n                            <div class=\"elementor-content-item-inner\">\n                                <div class=\"elementor_awards_image\">\n                                                                            <span class=\"awards_icon_overlay\">\n                                            <i aria-hidden=\"true\" class=\"opal-icon-award\"><\/i>\n                                        <\/span>\n                                                                    <figure class=\"elementor-image-box-img elementor-image-box-img elementor-image-box-img\"><img decoding=\"async\" src=\"https:\/\/rgbn-re.savo-lee.com\/wp-content\/uploads\/2019\/10\/about-3.jpg\" title=\"yakla\u015f\u0131k-3\" alt=\"about-3\" loading=\"lazy\" \/><\/figure>                                <\/div>\n                                <div class=\"elementor-content-wrap\">\n                                    <span class=\"elementor-years\">2018<\/span>\n                                    <h5 class=\"elementor-awards-title\">BAM \u00d6d\u00fclleri Ger\u00e7ek <br>En iyisi<\/h5>                                    <div class=\"elementor-content\">\n                                        <p>Y\u0131l\u0131n \u0130n\u015faat\u00e7\u0131 \u00d6d\u00fcl\u00fc<\/p>                                    <\/div>\n                                <\/div>\n                            <\/div>\n                        <\/div>\n                                            <div class=\"column-item elementor-content-item\">\n                            <div class=\"elementor-content-item-inner\">\n                                <div class=\"elementor_awards_image\">\n                                                                            <span class=\"awards_icon_overlay\">\n                                            <i aria-hidden=\"true\" class=\"opal-icon-award\"><\/i>\n                                        <\/span>\n                                                                    <figure class=\"elementor-image-box-img elementor-image-box-img elementor-image-box-img elementor-image-box-img\"><img decoding=\"async\" src=\"https:\/\/rgbn-re.savo-lee.com\/wp-content\/uploads\/2019\/10\/about-4.jpg\" title=\"hakk\u0131nda-4\" alt=\"about-4\" loading=\"lazy\" \/><\/figure>                                <\/div>\n                                <div class=\"elementor-content-wrap\">\n                                    <span class=\"elementor-years\">2018<\/span>\n                                    <h5 class=\"elementor-awards-title\">Alt\u0131n K\u00fcre Kaplan\u0131 <br>\u00d6d\u00fcller<\/h5>                                    <div class=\"elementor-content\">\n                                        <p>Y\u0131l\u0131n Ticari M\u00fclk\u00fc<\/p>                                    <\/div>\n                                <\/div>\n                            <\/div>\n                        <\/div>\n                                            <div class=\"column-item elementor-content-item\">\n                            <div class=\"elementor-content-item-inner\">\n                                <div class=\"elementor_awards_image\">\n                                                                            <span class=\"awards_icon_overlay\">\n                                            <i aria-hidden=\"true\" class=\"opal-icon-award\"><\/i>\n                                        <\/span>\n                                                                    <figure class=\"elementor-image-box-img elementor-image-box-img elementor-image-box-img elementor-image-box-img elementor-image-box-img\"><img decoding=\"async\" src=\"https:\/\/rgbn-re.savo-lee.com\/wp-content\/uploads\/2019\/10\/about-5.jpg\" title=\"hakk\u0131nda-5\" alt=\"about-5\" loading=\"lazy\" \/><\/figure>                                <\/div>\n                                <div class=\"elementor-content-wrap\">\n                                    <span class=\"elementor-years\">2017<\/span>\n                                    <h5 class=\"elementor-awards-title\">Milli Emlak<br>M\u00fckemmellik \u00d6d\u00fclleri<\/h5>                                    <div class=\"elementor-content\">\n                                        <p>En \u0130yi L\u00fcks Emlak \u015eirketi<\/p>                                    <\/div>\n                                <\/div>\n                            <\/div>\n                        <\/div>\n                                            <div class=\"column-item elementor-content-item\">\n                            <div class=\"elementor-content-item-inner\">\n                                <div class=\"elementor_awards_image\">\n                                                                            <span class=\"awards_icon_overlay\">\n                                            <i aria-hidden=\"true\" class=\"opal-icon-award\"><\/i>\n                                        <\/span>\n                                                                    <figure class=\"elementor-image-box-img elementor-image-box-img elementor-image-box-img elementor-image-box-img elementor-image-box-img elementor-image-box-img\"><img decoding=\"async\" src=\"https:\/\/rgbn-re.savo-lee.com\/wp-content\/uploads\/2019\/10\/about-6.jpg\" title=\"hakk\u0131nda-6\" alt=\"about-6\" loading=\"lazy\" \/><\/figure>                                <\/div>\n                                <div class=\"elementor-content-wrap\">\n                                    <span class=\"elementor-years\">2019<\/span>\n                                    <h5 class=\"elementor-awards-title\">ET \u015eimdi Emlak<br>\u00d6d\u00fcller<\/h5>                                    <div class=\"elementor-content\">\n                                        <p>En Umut Verici Teslimat<\/p>                                    <\/div>\n                                <\/div>\n                            <\/div>\n                        <\/div>\n                                    <\/div>\n            <\/div>\n            \t\t\t\t<\/div>\n\t\t\t\t<\/div>\n\t\t\t\t\t<\/div>\n\t\t<\/div>\n\t\t\t\t\t<\/div>\n\t\t<\/section>\n\t\t\t\t<section class=\"elementor-section elementor-top-section elementor-element elementor-element-20e9507 animated-fast elementor-section-boxed elementor-section-height-default elementor-section-height-default elementor-invisible\" data-id=\"20e9507\" data-element_type=\"section\" data-settings=\"{&quot;animation&quot;:&quot;opal-move-up&quot;}\">\n\t\t\t\t\t\t<div class=\"elementor-container elementor-column-gap-no\">\n\t\t\t\t\t<div class=\"elementor-column elementor-col-100 elementor-top-column elementor-element elementor-element-caade9d\" data-id=\"caade9d\" data-element_type=\"column\">\n\t\t\t<div class=\"elementor-widget-wrap elementor-element-populated\">\n\t\t\t\t\t\t<div class=\"elementor-element elementor-element-7fca5b2 elementor-testimonial-text-align-center elementor_testimonial_layout_1 elementor-widget elementor-widget-opal-testimonials\" data-id=\"7fca5b2\" data-element_type=\"widget\" data-widget_type=\"opal-testimonials.default\">\n\t\t\t\t<div class=\"elementor-widget-container\">\n\t\t\t\t\t            <div class=\"elementor-testimonial-item-wrapper layout_1\">\n                <div class=\"row owl-carousel owl-theme\" data-settings=\"{&quot;navigation&quot;:&quot;dots&quot;,&quot;autoplayHoverPause&quot;:&quot;true&quot;,&quot;autoplay&quot;:&quot;true&quot;,&quot;autoplayTimeout&quot;:5000,&quot;items&quot;:1,&quot;items_tablet&quot;:1,&quot;items_mobile&quot;:1,&quot;loop&quot;:&quot;true&quot;,&quot;margin&quot;:30}\">\n                                            <div class=\"elementor-testimonial-item\">\n                            <div class=\"item-box\">\n                                <div class=\"elementor-testimonial-wrapper-head\">\n                                    <div class=\"elementor-testimonial-item-wrapper\">\n                                                                                    <div class=\"elementor-testimonial-icon\">\n                                                <span class=\"elementor-testimonial-icon-icon\">\n                                                                                                    <\/span>\n                                            <\/div>\n                                                                                                                            <div class=\"elementor-testimonial-wrapper-inner\">\n                                                                                                    <span class=\"elementor-testimonial-sub-title\">\n                                                        TEST\u0130MONIALS                                                    <\/span>\n                                                                                                                                                    <h2 class=\"elementor-testimonial-title\">\n                                                        Gardenia by ReHomes Realty, Mango bah\u00e7esiyle \u00e7evrili muhte\u015fem bir proje! Burada bir evimiz oldu\u011fu i\u00e7in ger\u00e7ekten mutluyuz.                                                         <\/h2>\n                                                                                            <\/div>\n                                                                            <\/div>\n                                    <div class=\"elementor-testimonial-content\">\n                                                                            <\/div>\n                                <\/div>\n                                <div class=\"elementor-testimonial-wrapper-footer\">\n                                            <div class=\"elementor-testimonial-image\">\n                    <\/div>\n                                            <div class=\"elementor-testimonial-details\">\n                                        <div class=\"elementor-testimonial-flex\">\n                                                                                        <div class=\"elementor-testimonial-name\">John Doe<\/div>\n                                            <div class=\"elementor-testimonial-job\">Tasar\u0131m<\/div>\n                                        <\/div>\n                                        <span class=\"elementor-testimonial-rule\"><\/span>\n                                    <\/div>\n                                <\/div>\n                            <\/div>\n                        <\/div>\n                                            <div class=\"elementor-testimonial-item\">\n                            <div class=\"item-box\">\n                                <div class=\"elementor-testimonial-wrapper-head\">\n                                    <div class=\"elementor-testimonial-item-wrapper\">\n                                                                                    <div class=\"elementor-testimonial-icon\">\n                                                <span class=\"elementor-testimonial-icon-icon\">\n                                                                                                    <\/span>\n                                            <\/div>\n                                                                                                                            <div class=\"elementor-testimonial-wrapper-inner\">\n                                                                                                    <span class=\"elementor-testimonial-sub-title\">\n                                                        TEST\u0130MONIALS                                                    <\/span>\n                                                                                                                                                    <h2 class=\"elementor-testimonial-title\">\n                                                        Gardenia by ReHomes Realty, Mango bah\u00e7esiyle \u00e7evrili muhte\u015fem bir proje! Burada bir evimiz oldu\u011fu i\u00e7in ger\u00e7ekten mutluyuz.                                                         <\/h2>\n                                                                                            <\/div>\n                                                                            <\/div>\n                                    <div class=\"elementor-testimonial-content\">\n                                                                            <\/div>\n                                <\/div>\n                                <div class=\"elementor-testimonial-wrapper-footer\">\n                                            <div class=\"elementor-testimonial-image\">\n                    <\/div>\n                                            <div class=\"elementor-testimonial-details\">\n                                        <div class=\"elementor-testimonial-flex\">\n                                                                                        <div class=\"elementor-testimonial-name\">John Doe<\/div>\n                                            <div class=\"elementor-testimonial-job\">Tasar\u0131m<\/div>\n                                        <\/div>\n                                        <span class=\"elementor-testimonial-rule\"><\/span>\n                                    <\/div>\n                                <\/div>\n                            <\/div>\n                        <\/div>\n                                    <\/div>\n            <\/div>\n            \t\t\t\t<\/div>\n\t\t\t\t<\/div>\n\t\t\t\t\t<\/div>\n\t\t<\/div>\n\t\t\t\t\t<\/div>\n\t\t<\/section>\n\t\t\t\t<\/div>","protected":false},"excerpt":{"rendered":"","protected":false},"author":1,"featured_media":0,"parent":0,"menu_order":0,"comment_status":"closed","ping_status":"closed","template":"page-elementor.php","meta":{"footnotes":""},"class_list":["post-538","page","type-page","status-publish","hentry"],"_links":{"self":[{"href":"https:\/\/rgbn-re.savo-lee.com\/tr\/wp-json\/wp\/v2\/pages\/538","targetHints":{"allow":["GET"]}}],"collection":[{"href":"https:\/\/rgbn-re.savo-lee.com\/tr\/wp-json\/wp\/v2\/pages"}],"about":[{"href":"https:\/\/rgbn-re.savo-lee.com\/tr\/wp-json\/wp\/v2\/types\/page"}],"author":[{"embeddable":true,"href":"https:\/\/rgbn-re.savo-lee.com\/tr\/wp-json\/wp\/v2\/users\/1"}],"replies":[{"embeddable":true,"href":"https:\/\/rgbn-re.savo-lee.com\/tr\/wp-json\/wp\/v2\/comments?post=538"}],"version-history":[{"count":0,"href":"https:\/\/rgbn-re.savo-lee.com\/tr\/wp-json\/wp\/v2\/pages\/538\/revisions"}],"wp:attachment":[{"href":"https:\/\/rgbn-re.savo-lee.com\/tr\/wp-json\/wp\/v2\/media?parent=538"}],"curies":[{"name":"wp","href":"https:\/\/api.w.org\/{rel}","templated":true}]}}