{"id":6969,"date":"2024-08-21T07:58:16","date_gmt":"2024-08-21T07:58:16","guid":{"rendered":"https:\/\/upbeat-yalow.212-132-109-245.plesk.page\/?page_id=6969"},"modified":"2024-08-21T07:59:26","modified_gmt":"2024-08-21T07:59:26","slug":"terms-conditions","status":"publish","type":"page","link":"https:\/\/rgbn-re.savo-lee.com\/tr\/terms-conditions\/","title":{"rendered":"\u015eartlar ve Ko\u015fullar"},"content":{"rendered":"<div data-elementor-type=\"wp-page\" data-elementor-id=\"6969\" class=\"elementor elementor-6969\" data-elementor-post-type=\"page\">\n\t\t\t\t<div class=\"elementor-element elementor-element-84f2942 e-flex e-con-boxed e-con e-parent\" data-id=\"84f2942\" data-element_type=\"container\">\n\t\t\t\t\t<div class=\"e-con-inner\">\n\t\t\t\t<div class=\"elementor-element elementor-element-58372a29 elementor-widget elementor-widget-text-editor\" data-id=\"58372a29\" data-element_type=\"widget\" data-widget_type=\"text-editor.default\">\n\t\t\t\t<div class=\"elementor-widget-container\">\n\t\t\t\t\t        <div class=\"elementor-text-editor elementor-clearfix\"><h3><strong>GENEL H\u00dcK\u00dcM VE KO\u015eULLAR<\/strong><\/h3><p><strong>EMLAK ACENTELI\u011eI S\u00d6ZLE\u015eMELERI I\u00c7IN <\/strong>. <strong>Rainbow Real Estate GmbH<\/strong>bundan b\u00f6yle \"RRE\" olarak an\u0131lacakt\u0131r,<\/p><p><strong>I. Emlak acenteli\u011fi s\u00f6zle\u015fmesi<br \/><\/strong>RRE'den belirli bir m\u00fclk veya ticari alanla ilgili olarak m\u00fclk bilgilerini ald\u0131ysan\u0131z, RRE sizinle a\u015fa\u011f\u0131daki ko\u015fullarda bir emlak acenteli\u011fi s\u00f6zle\u015fmesi yapmay\u0131 teklif eder.<\/p><p><strong>II Komisyon<\/strong><\/p><p>\u0130lgili m\u00fclk detaylar\u0131nda sunulan m\u00fclk veya ticari alanla ilgili bir kiralama veya kirac\u0131l\u0131k, sat\u0131n alma, hisse sat\u0131n alma veya miras hakk\u0131 s\u00f6zle\u015fmesi veya mali a\u00e7\u0131dan e\u015fde\u011fer bir s\u00f6zle\u015fme (bundan b\u00f6yle \"Ana S\u00f6zle\u015fme\" olarak an\u0131lacakt\u0131r) yapma veya arac\u0131l\u0131k etme f\u0131rsat\u0131n\u0131 belirlemek i\u00e7in (bundan b\u00f6yle \"Acentenin Hizmetleri\" olarak an\u0131lacakt\u0131r) Ana S\u00f6zle\u015fmenin imzalanmas\u0131 \u00fczerine bir komisyon \u00f6denecek ve \u00f6denecektir. Komisyonun miktar\u0131 m\u00fclk detaylar\u0131nda veya s\u00f6zle\u015fmede belirlenir. Bunun ge\u00e7erli olmayaca\u011f\u0131 tek durum, mektubumuzda veya m\u00fclk detaylar\u0131nda s\u00f6z konusu nesneye ili\u015fkin tan\u0131mlama veya arac\u0131l\u0131k hizmetinin komisyonsuz olaca\u011f\u0131n\u0131n belirtilmesidir. Ana S\u00f6zle\u015fme size ba\u011fl\u0131 bir \u00fc\u00e7\u00fcnc\u00fc \u015fah\u0131s taraf\u0131ndan akdedilse bile, arac\u0131l\u0131k hizmetlerimizi s\u00f6z konusu \u00fc\u00e7\u00fcnc\u00fc \u015fahsa devretmi\u015f olman\u0131z ko\u015fuluyla, bir komisyon \u00f6denmesi gerekecektir. Bir Ana S\u00f6zle\u015fmenin imzalanmas\u0131 \u00fczerine, imzalanan Ana S\u00f6zle\u015fmenin yukar\u0131da belirtilen komisyonun hesaplanmas\u0131yla ilgili sayfalar\u0131n\u0131n kopyalar\u0131n\u0131 derhal RRE'ye vereceksiniz.<\/p><p><strong>III.         \u00d6n bilgi bildirimi<\/strong><\/p><p>Potansiyel s\u00f6zle\u015fme orta\u011f\u0131n\u0131 zaten biliyorsan\u0131z, bunu yedi g\u00fcn i\u00e7inde bize yaz\u0131l\u0131 olarak bildirmekle y\u00fck\u00fcml\u00fcs\u00fcn\u00fcz. Potansiyel s\u00f6zle\u015fme orta\u011f\u0131 hakk\u0131nda \u00f6nceden bilgi sahibi olunmas\u0131na bak\u0131lmaks\u0131z\u0131n, RRE'nin Ana S\u00f6zle\u015fme'nin imzalanmas\u0131na nedensel olarak katk\u0131da bulunmas\u0131 halinde RRE komisyon almaya hak kazan\u0131r.<\/p><p>\u00a0<\/p><p><strong>IV.         Verilen m\u00fclk bilgilerinin ve verilerin gizlili\u011fi\u00a0<\/strong><strong>- uyumsuzlu\u011fun sonu\u00e7lar\u0131<\/strong><\/p><p>Emlak\u00e7\u0131l\u0131k s\u00f6zle\u015fmesi ile ba\u011flant\u0131l\u0131 olarak RRE'den ald\u0131\u011f\u0131n\u0131z emlak bilgileri ve di\u011fer t\u00fcm bilgiler yasalarca korunmaktad\u0131r. Taraf\u0131m\u0131zdan sa\u011flanan bilgiler \u00fc\u00e7\u00fcnc\u00fc \u015fah\u0131slara aktar\u0131lmamal\u0131d\u0131r. Bu t\u00fcr bilgilerin, \u00f6zellikle de m\u00fclk bilgilerinin veya sizin i\u00e7in belirlenen veya arac\u0131l\u0131k edilen s\u00f6zle\u015fme orta\u011f\u0131n\u0131n ad\u0131n\u0131n veya ileti\u015fim bilgilerinin yetkisiz olarak aktar\u0131lmas\u0131, \u00fc\u00e7\u00fcnc\u00fc tarafla bir Ana S\u00f6zle\u015fme imzalanmas\u0131yla sonu\u00e7lan\u0131rsa, RRE'ye, RRE \u00fc\u00e7\u00fcnc\u00fc taraf\u0131 bu s\u00f6zle\u015fmenin h\u00fck\u00fcmlerine uygun olarak belirlemi\u015f veya arac\u0131l\u0131k etmi\u015f olsayd\u0131 \u00f6denecek olan tutarda bir komisyon bor\u00e7lu olacaks\u0131n\u0131z.<\/p><p>\u00a0<\/p><p><strong>V.         Sorumlulu\u011fun s\u0131n\u0131rland\u0131r\u0131lmas\u0131 - ba\u015fkas\u0131na devretme yasa\u011f\u0131\u00a0<\/strong><strong>\u00fc\u00e7\u00fcnc\u00fc taraflar<\/strong><\/p><p>RRE, yaln\u0131zca RRE'nin yasal temsilcisi, \u00e7al\u0131\u015fan\u0131 ya da vekilinin neden oldu\u011fu kas\u0131tl\u0131 ya da a\u011f\u0131r ihmalkar davran\u0131\u015flardan kaynaklanan zararlar i\u00e7in - yasal nedene bak\u0131lmaks\u0131z\u0131n - s\u0131n\u0131rs\u0131z sorumluluk \u00fcstlenir. Aksi takdirde, RRE'nin, yasal temsilcilerinin, \u00e7al\u0131\u015fanlar\u0131n\u0131n ve vekillerinin neden oldu\u011fu zararlar i\u00e7in RRE'nin sorumlulu\u011fu - yasal nedene bak\u0131lmaks\u0131z\u0131n - taraflarca aksi kararla\u015ft\u0131r\u0131lmad\u0131k\u00e7a toplam 50.000 \u20ac ile s\u0131n\u0131rl\u0131 olacakt\u0131r.<\/p><p>K\u00e2r kayb\u0131na ili\u015fkin her t\u00fcrl\u00fc sorumluluk hari\u00e7 tutulacakt\u0131r.<\/p><p>RRE'ye kar\u015f\u0131 tazminat talepleri hari\u00e7 tutulur veya s\u0131n\u0131rland\u0131r\u0131l\u0131rsa, bu durum RRE'nin yasal temsilcilerinin ve \u00e7al\u0131\u015fanlar\u0131n\u0131n ki\u015fisel sorumlulu\u011fu i\u00e7in de ge\u00e7erli olacakt\u0131r.<\/p><p>Yukar\u0131da belirtilen istisnalar ve sorumluluk s\u0131n\u0131rlamalar\u0131, can, uzuv veya sa\u011fl\u0131k yaralanmas\u0131ndan kaynaklanan zararlar i\u00e7in ge\u00e7erli olmayacakt\u0131r.<\/p><p>M\u00fclk detaylar\u0131, m\u00fclk sahibi taraf\u0131ndan sa\u011flanan bilgilere dayanarak RRE taraf\u0131ndan \u00fcretilmi\u015ftir ve RRE'nin g\u00fcvenilir oldu\u011funu d\u00fc\u015f\u00fcnd\u00fc\u011f\u00fc bilgi ve kaynaklara dayanmaktad\u0131r, ancak RRE bunlar\u0131n do\u011frulu\u011fu, g\u00fcncelli\u011fi, eksiksizli\u011fi ve do\u011frulu\u011fu konusunda hi\u00e7bir sorumluluk kabul etmez.<\/p><p>M\u00fclk detaylar\u0131nda yer alan m\u00fclk\u00fcn tan\u0131m\u0131, sat\u0131l\u0131k veya kiral\u0131k m\u00fclk\u00fc daha ayr\u0131nt\u0131l\u0131 bir \u015fekilde sunmak ve tan\u0131mlamak amac\u0131yla tamamen bilgi ama\u00e7l\u0131 olarak haz\u0131rlanm\u0131\u015ft\u0131r. M\u00fclk detaylar\u0131 yaln\u0131zca al\u0131c\u0131ya m\u00fclkle ilgilenip ilgilenmedikleri ve kendi detayl\u0131 incelemelerini ba\u015flatmak isteyip istemedikleri konusunda karar vermelerine yard\u0131mc\u0131 olmak i\u00e7in tasarlanm\u0131\u015ft\u0131r. Bu nedenle m\u00fclk detaylar\u0131, yat\u0131r\u0131m yapmak i\u00e7in olumlu bir karar\u0131n veya m\u00fclk \u00fczerinde hak edinme veya kiralama karar\u0131n\u0131n temelini olu\u015fturmaz. Al\u0131c\u0131n\u0131n, sat\u0131n alma veya kiralama karar\u0131n\u0131n dayand\u0131r\u0131labilece\u011fi, burada yer alan ger\u00e7ekler ve de\u011ferlendirmeler \u00fczerinde kendi incelemesini yapma ihtiyac\u0131n\u0131n yerini tutmazlar. Bu nedenle, bu m\u00fclk bilgilerinin sa\u011flanmas\u0131, \u00f6zellikle eksik veya yanl\u0131\u015f bilgilerden kaynaklanan zararlar veya bilgi if\u015fas\u0131 i\u00e7in herhangi bir hak talebine yol a\u00e7mayacakt\u0131r.<\/p><p>M\u00fclk bilgileri ayr\u0131ca sorumlulu\u011fun dayand\u0131r\u0131labilece\u011fi herhangi bir beyan veya garanti i\u00e7ermez. Ayn\u0131 durum, bu m\u00fclk bilgileriyle ba\u011flant\u0131l\u0131 olarak al\u0131c\u0131ya s\u00f6zl\u00fc veya yaz\u0131l\u0131 olarak iletilen di\u011fer bilgiler i\u00e7in de ge\u00e7erlidir.<\/p><p>M\u00fclk detaylar\u0131, yukar\u0131da belirtilen ama\u00e7lar do\u011frultusunda al\u0131c\u0131n\u0131n m\u00fcnhas\u0131r kullan\u0131m\u0131 i\u00e7indir. RRE'nin izni olmadan \u00fc\u00e7\u00fcnc\u00fc \u015fah\u0131slara aktar\u0131lamazlar. Tamamen veya k\u0131smen yay\u0131nlanmas\u0131 veya yeniden \u00fcretilmesine izin verilmez.<\/p><p>Yanl\u0131\u015f bilgilerin yay\u0131nlanmas\u0131 veya sizin taraf\u0131n\u0131zdan sa\u011flanan bilgiler ba\u011flam\u0131nda fikri m\u00fclkiyet haklar\u0131n\u0131n ihlali nedeniyle RRE'ye kar\u015f\u0131 herhangi bir \u00fc\u00e7\u00fcnc\u00fc taraf talebine kar\u015f\u0131 RRE'yi tazmin etmeyi kabul edersiniz.<\/p><p>\u00a0<\/p><p><strong>VI Arac\u0131lar ve ortak i\u015flemler<\/strong><\/p><p>RRE, ba\u015fka ki\u015filere talimat verme ve komisyonun bir k\u0131sm\u0131n\u0131 bu ki\u015filere aktarma veya bu ki\u015filere pe\u015fin \u00f6deme yapma hakk\u0131na sahiptir. Talep \u00fczerine RRE, bu t\u00fcr \u00f6demelerin kime ve ne miktarda yap\u0131laca\u011f\u0131n\u0131 veya yap\u0131ld\u0131\u011f\u0131n\u0131 a\u00e7\u0131klayacakt\u0131r.<\/p><p><strong>\u00a0<\/strong><\/p><p><strong>VII Bas\u0131n A\u00e7\u0131klamalar\u0131\/Yay\u0131n<\/strong><\/p><p>Ger\u00e7ekle\u015ftirilen i\u015flemle ilgili bir bas\u0131n a\u00e7\u0131klamas\u0131 ve\/veya ba\u015fka bir yay\u0131n yaparsan\u0131z, burada i\u015flem dan\u0131\u015fman\u0131 olarak RRE'den bahsedeceksiniz. Buna ek olarak, i\u015flemin bu platform \u00fczerinden ger\u00e7ekle\u015ftirilmesi durumunda RRE'nin \u00e7evrimi\u00e7i platformundan da bahsedeceksiniz. S\u00f6zle\u015fmeli orta\u011f\u0131n\u0131z taraf\u0131ndan bir bas\u0131n a\u00e7\u0131klamas\u0131 ve\/veya ba\u015fka bir yay\u0131n yay\u0131nland\u0131\u011f\u0131nda, RRE'den i\u015flem dan\u0131\u015fman\u0131 olarak bahsedilmesini sa\u011flayacaks\u0131n\u0131z. Ayr\u0131ca, i\u015flemin bu platform \u00fczerinden ger\u00e7ekle\u015ftirilmesi durumunda RRE'nin \u00e7evrimi\u00e7i platformundan bahsedilmesini sa\u011flayacaks\u0131n\u0131z.<\/p><p>Sizin ya da s\u00f6zle\u015fme orta\u011f\u0131n\u0131z\u0131n bir bas\u0131n a\u00e7\u0131klamas\u0131 ve\/veya ba\u015fka bir yay\u0131n yapmamas\u0131 ya da RRE'nin i\u015flem dan\u0131\u015fman\u0131 olarak belirtilmedi\u011fi bir bas\u0131n a\u00e7\u0131klamas\u0131 ve\/veya ba\u015fka bir yay\u0131n yap\u0131lmas\u0131 durumunda, RRE kendi bas\u0131n a\u00e7\u0131klamas\u0131n\u0131 yapma ya da ba\u015fka bir yay\u0131n yapma yetkisine sahip olacakt\u0131r.<\/p><p>\u00a0<\/p><p><strong>VIII.        Regengoben-immo.de \u00fczerinden pazarlama faaliyetleri (ticari faaliyetler i\u00e7in \u00e7evrimi\u00e7i platform\u00a0<\/strong><strong>\u00f6zellikler) <\/strong><\/p><p>M\u00fclk\u00fcn\u00fcz\u00fc regenbogen-immo.de adresinde pazarlamay\u0131 kabul etmeniz durumunda RRE, bu \u00e7evrimi\u00e7i platformda sizin taraf\u0131n\u0131zdan sa\u011flanan t\u00fcm m\u00fclk bilgilerini kullanma hakk\u0131na sahiptir. RRE, taraf\u0131n\u0131zdan sa\u011flanan bilgilerin do\u011fru ve eksiksiz olup olmad\u0131\u011f\u0131n\u0131 kontrol etmeyecektir. G\u00f6nderilen bilgilerin do\u011frulu\u011fu ve eksiksizli\u011finden siz sorumlusunuz. Yanl\u0131\u015f bilgilerin yay\u0131nlanmas\u0131 veya sizin taraf\u0131n\u0131zdan sa\u011flanan bilgiler ba\u011flam\u0131nda fikri m\u00fclkiyet haklar\u0131n\u0131n ihlali nedeniyle RRE'ye kar\u015f\u0131 \u00fc\u00e7\u00fcnc\u00fc taraflar\u0131n taleplerine kar\u015f\u0131 RRE'yi tazmin etmeyi kabul edersiniz.<\/p><p>Sizin taraf\u0131n\u0131zdan sa\u011flanan bilgilere dayanarak RRE, \u00e7evrimi\u00e7i platformda m\u00fclk\u00fcn bir ilan\u0131n\u0131 olu\u015fturacak ve yerle\u015ftirecektir.<\/p><p>M\u00fclk bilgilerinin de\u011fi\u015fmesi durumunda RRE'yi derhal bilgilendirmekle y\u00fck\u00fcml\u00fcs\u00fcn\u00fcz.<\/p><p>\u00a0<\/p><p><strong>\u00a0IX. \u00a0\u00a0\u00a0\u00a0\u00a0\u00a0\u00a0 <\/strong><strong>Kara para aklamay\u0131 \u00f6nleme kontrol\u00fc<\/strong><strong>\u00a0<\/strong><\/p><p>RRE yasal olarak Kara Para Aklamay\u0131 \u00d6nleme Kontrol\u00fc yapmakla y\u00fck\u00fcml\u00fcd\u00fcr. Yasalar\u0131n gerektirdi\u011fi gerekli bilgi ve belgeleri bize sa\u011flamak ve bunlardaki de\u011fi\u015fiklikleri derhal yaz\u0131l\u0131 olarak bildirmekle y\u00fck\u00fcml\u00fcs\u00fcn\u00fcz.<\/p><p>\u00a0<\/p><p><strong>X.         Yasalar\u0131n gerektirdi\u011fi M\u00fclkiyet Bilgileri<\/strong><\/p><p>Yasalar\u0131n gerektirdi\u011fi pazarlama ama\u00e7l\u0131 t\u00fcm m\u00fclk bilgilerini RRE'ye zaman\u0131nda sa\u011flamakla y\u00fck\u00fcml\u00fcs\u00fcn\u00fcz.<\/p><p>Madde a'ya g\u00f6re gerekli bilgileri RRE'ye vermedi\u011finiz durumlarda, gerekli bilgileri vermedi\u011finiz i\u00e7in RRE'ye kar\u015f\u0131 a\u00e7\u0131lan \u00fc\u00e7\u00fcnc\u00fc taraf taleplerine ve masraflar\u0131na kar\u015f\u0131 RRE'yi tazmin edeceksiniz.<\/p><p>\u00a0<\/p><p><strong>XI \u00c7evrimi\u00e7i Uyu\u015fmazl\u0131k \u00c7\u00f6z\u00fcm\u00fc<\/strong><\/p><p>T\u00fcketici olarak RRE ile \u00e7evrimi\u00e7i veya di\u011fer elektronik yollarla bir s\u00f6zle\u015fme imzalad\u0131ysan\u0131z, e-posta yoluyla \u015fu adrese \u015fikayette bulunabilirsiniz <a href=\"mailto:info@regenbogen-immo.de\">info@regenbogen-immo.de<\/a> bir anla\u015fmazl\u0131k durumunda. Bundan ba\u011f\u0131ms\u0131z olarak, a\u015fa\u011f\u0131dakiler arac\u0131l\u0131\u011f\u0131yla eri\u015filebilen AB \u00c7evrimi\u00e7i Uyu\u015fmazl\u0131k \u00c7\u00f6z\u00fcm Platformunu kullanma olana\u011f\u0131na sahipsiniz <a href=\"http:\/\/ec.europa.eu\/consumers\/odr\">http:\/\/ec.europa.eu\/consumers\/odr<\/a>.<\/p><p>\u00a0<\/p><p><strong>XII.          Uygulanabilir versiyon\/Uygulanabilir yasa\/Yarg\u0131 yeri<\/strong><\/p><p>Bu genel h\u00fck\u00fcm ve ko\u015fullar\u0131 Almanca ve \u0130ngilizce olarak ald\u0131n\u0131z. \u0130ngilizce versiyon sadece kolayl\u0131k sa\u011flamak amac\u0131yla terc\u00fcme edilmi\u015ftir. Almanca ve \u0130ngilizce versiyon aras\u0131nda herhangi bir tutars\u0131zl\u0131k olmas\u0131 durumunda, Almanca versiyon ge\u00e7erli olacak ve yaln\u0131zca bu versiyon yasal olarak ba\u011flay\u0131c\u0131 olacakt\u0131r. Bu emlak acenteli\u011fi s\u00f6zle\u015fmesi Alman hukukuna tabidir. Yarg\u0131 yeri, RRE'nin s\u00f6zle\u015fme yapan \u015fubesinin kay\u0131tl\u0131 merkezinin veya bor\u00e7lunun kay\u0131tl\u0131 merkezinin bir sonucudur.<\/p><\/div>\n        \t\t\t\t<\/div>\n\t\t\t\t<\/div>\n\t\t\t\t\t<\/div>\n\t\t\t\t<\/div>\n\t\t\t\t<\/div>","protected":false},"excerpt":{"rendered":"<p>Bundan b\u00f6yle \"RRE\" olarak an\u0131lacak olan Regenbogen Real Estate GmbH'nin GAYR\u0130MENKUL ACENTEL\u0130\u011e\u0130 S\u00d6ZLE\u015eMELER\u0130 \u0130\u00c7\u0130N GENEL \u015eARTLAR VE KO\u015eULLAR I. Gayrimenkul acenteli\u011fi s\u00f6zle\u015fmesi Belirli bir m\u00fclk veya ticari alanla ilgili olarak RRE'den m\u00fclk bilgilerini ald\u0131ysan\u0131z, RRE sizinle bir gayrimenkul acenteli\u011fi s\u00f6zle\u015fmesi yapmay\u0131 teklif eder ... <\/p>\n<p class=\"link-more\"><a href=\"https:\/\/rgbn-re.savo-lee.com\/tr\/terms-conditions\/\" class=\"more-link\">Daha fazla bilgi edinin <span class=\"screen-reader-text\"> \"\u015eartlar ve Ko\u015fullar\"<\/span><\/a><\/p>","protected":false},"author":1,"featured_media":0,"parent":0,"menu_order":0,"comment_status":"closed","ping_status":"open","template":"","meta":{"footnotes":""},"class_list":["post-6969","page","type-page","status-publish","hentry"],"_links":{"self":[{"href":"https:\/\/rgbn-re.savo-lee.com\/tr\/wp-json\/wp\/v2\/pages\/6969","targetHints":{"allow":["GET"]}}],"collection":[{"href":"https:\/\/rgbn-re.savo-lee.com\/tr\/wp-json\/wp\/v2\/pages"}],"about":[{"href":"https:\/\/rgbn-re.savo-lee.com\/tr\/wp-json\/wp\/v2\/types\/page"}],"author":[{"embeddable":true,"href":"https:\/\/rgbn-re.savo-lee.com\/tr\/wp-json\/wp\/v2\/users\/1"}],"replies":[{"embeddable":true,"href":"https:\/\/rgbn-re.savo-lee.com\/tr\/wp-json\/wp\/v2\/comments?post=6969"}],"version-history":[{"count":4,"href":"https:\/\/rgbn-re.savo-lee.com\/tr\/wp-json\/wp\/v2\/pages\/6969\/revisions"}],"predecessor-version":[{"id":6973,"href":"https:\/\/rgbn-re.savo-lee.com\/tr\/wp-json\/wp\/v2\/pages\/6969\/revisions\/6973"}],"wp:attachment":[{"href":"https:\/\/rgbn-re.savo-lee.com\/tr\/wp-json\/wp\/v2\/media?parent=6969"}],"curies":[{"name":"wp","href":"https:\/\/api.w.org\/{rel}","templated":true}]}}