{"id":6976,"date":"2024-08-21T08:09:25","date_gmt":"2024-08-21T08:09:25","guid":{"rendered":"https:\/\/upbeat-yalow.212-132-109-245.plesk.page\/?page_id=6976"},"modified":"2024-08-21T08:55:30","modified_gmt":"2024-08-21T08:55:30","slug":"privacy-statement","status":"publish","type":"page","link":"https:\/\/rgbn-re.savo-lee.com\/tr\/privacy-statement\/","title":{"rendered":"Gizlilik Bildirimi"},"content":{"rendered":"<div data-elementor-type=\"wp-page\" data-elementor-id=\"6976\" class=\"elementor elementor-6976\" data-elementor-post-type=\"page\">\n\t\t\t\t<div class=\"elementor-element elementor-element-84f2942 e-flex e-con-boxed e-con e-parent\" data-id=\"84f2942\" data-element_type=\"container\">\n\t\t\t\t\t<div class=\"e-con-inner\">\n\t\t\t\t<div class=\"elementor-element elementor-element-58372a29 elementor-widget elementor-widget-text-editor\" data-id=\"58372a29\" data-element_type=\"widget\" data-widget_type=\"text-editor.default\">\n\t\t\t\t<div class=\"elementor-widget-container\">\n\t\t\t\t\t        <div class=\"elementor-text-editor elementor-clearfix\"><h3><strong>Genel<\/strong><\/h3><p>Ki\u015fisel verileriniz (\u00f6rne\u011fin unvan, isim, ev adresi, e-posta adresi, telefon numaras\u0131, banka bilgileri, kredi kart\u0131 numaras\u0131) taraf\u0131m\u0131zdan yaln\u0131zca Alman veri gizlili\u011fi yasalar\u0131n\u0131n h\u00fck\u00fcmlerine uygun olarak i\u015flenir. A\u015fa\u011f\u0131daki h\u00fck\u00fcmler, ki\u015fisel verilerin toplanmas\u0131, i\u015flenmesi ve kullan\u0131lmas\u0131n\u0131n t\u00fcr\u00fcn\u00fc, kapsam\u0131n\u0131 ve amac\u0131n\u0131 a\u00e7\u0131klamaktad\u0131r. Bu veri gizlili\u011fi politikas\u0131 sadece web sayfalar\u0131m\u0131z i\u00e7in ge\u00e7erlidir. Sayfalar\u0131m\u0131zdaki ba\u011flant\u0131lar sizi ba\u015fka sayfalara y\u00f6nlendiriyorsa, l\u00fctfen bu gibi durumlarda verilerinizin nas\u0131l i\u015flendi\u011fi hakk\u0131nda bilgi al\u0131n.<\/p><h3><strong>Envanter verileri<\/strong><\/h3><p>(1) Ki\u015fisel verileriniz, bu s\u00f6zle\u015fme ili\u015fkisinin (envanter verileri) kurulmas\u0131, i\u00e7eri\u011finin d\u00fczenlenmesi ve de\u011fi\u015ftirilmesi a\u00e7\u0131s\u0131ndan gerekli oldu\u011fu \u00f6l\u00e7\u00fcde, yaln\u0131zca s\u00f6zle\u015fmenin yerine getirilmesi i\u00e7in kullan\u0131l\u0131r. \u00d6rne\u011fin, mallar\u0131n teslim edilmesi i\u00e7in ad\u0131n\u0131z ve adresiniz mallar\u0131n tedarik\u00e7isine iletilmelidir.<br \/>(2) A\u00e7\u0131k r\u0131zan\u0131z veya yasal bir dayanak olmaks\u0131z\u0131n, ki\u015fisel verileriniz bu s\u00f6zle\u015fmenin yerine getirilmesi kapsam\u0131 d\u0131\u015f\u0131nda \u00fc\u00e7\u00fcnc\u00fc taraflara aktar\u0131lmaz. S\u00f6zle\u015fmenin tamamlanmas\u0131ndan sonra, verileriniz daha fazla kullan\u0131ma kar\u015f\u0131 bloke edilir. Vergi ile ilgili ve ticari d\u00fczenlemeler uyar\u0131nca s\u00fcrelerin sona ermesinden sonra, daha fazla kullan\u0131lmas\u0131na a\u00e7\u0131k\u00e7a izin vermedi\u011finiz s\u00fcrece bu veriler silinir.<\/p><p><strong>Google Analytics ile web analizi<\/strong><\/p><p>Bu web sitesi, Google Inc'in (Google) bir web analiz hizmeti olan Google Analytics'i kullanmaktad\u0131r. Google Analytics, web sitesi kullan\u0131m\u0131n\u0131z\u0131n analizini sa\u011flamak i\u00e7in bilgisayar\u0131n\u0131zda depolanan metin dosyalar\u0131 olan \u00e7erezleri kullan\u0131r. Bu web sitesini kullan\u0131m\u0131n\u0131z hakk\u0131nda \u00e7erez taraf\u0131ndan olu\u015fturulan bilgiler genellikle Amerika Birle\u015fik Devletleri'ndeki bir Google sunucusuna iletilir ve orada saklan\u0131r. Ancak bu web sitesinde IP anonimle\u015ftirmenin etkinle\u015ftirilmesi durumunda, IP adresiniz Google taraf\u0131ndan Avrupa Birli\u011fi \u00fcye \u00fclkelerinde veya Avrupa Ekonomik Alan\u0131 anla\u015fmas\u0131na taraf olan di\u011fer \u00fclkelerde \u00f6nceden k\u0131salt\u0131l\u0131r. Sadece istisnai durumlarda tam IP adresi Amerika Birle\u015fik Devletleri'ndeki bir Google sunucusuna iletilir ve orada k\u0131salt\u0131l\u0131r. Bu web sitesinin sahibi ad\u0131na Google, bu bilgileri web sitesini kullan\u0131m\u0131n\u0131z\u0131 de\u011ferlendirmek, web sitesi etkinlikleri hakk\u0131nda raporlar derlemek ve web sitesi operat\u00f6r\u00fcne web sitesi ve \u0130nternet kullan\u0131m\u0131yla ilgili ba\u015fka hizmetler sa\u011flamak i\u00e7in kullanacakt\u0131r. Google Analytics'in bir par\u00e7as\u0131 olarak taray\u0131c\u0131n\u0131zdan g\u00f6nderilen IP adresi, Google taraf\u0131ndan di\u011fer verilerle birle\u015ftirilmez. Taray\u0131c\u0131 yaz\u0131l\u0131m\u0131n\u0131z\u0131 uygun \u015fekilde ayarlayarak \u00e7erezlerin depolanmas\u0131n\u0131 \u00f6nleyebilirsiniz; ancak bu durumda, bu web sitesi taraf\u0131ndan sunulan t\u00fcm i\u015flevleri tam olarak kullanamayabilece\u011finizi l\u00fctfen unutmay\u0131n. Ayr\u0131ca, a\u015fa\u011f\u0131daki ba\u011flant\u0131dan bir taray\u0131c\u0131 eklentisi indirip kurarak \u00e7erez taraf\u0131ndan olu\u015fturulan ve web sitesini kullan\u0131m\u0131n\u0131zla ilgili verilerin (IP adresiniz dahil) Google taraf\u0131ndan toplanmas\u0131n\u0131 ve i\u015flenmesini \u00f6nleyebilirsiniz:<a href=\"http:\/\/tools.google.com\/dlpage\/gaoptout?hl=en\" target=\"_blank\" rel=\"noopener\">http:\/\/tools.google.com\/dlpage\/gaoptout?hl=en<\/a><\/p><p>Bu web sitesi Google Analytics'i \"anonymizeIP()\" uzant\u0131s\u0131 ile kullan\u0131r, IP adresleri, ki\u015filerle do\u011frudan ili\u015fkilendirmeleri ortadan kald\u0131rmak i\u00e7in daha sonraki i\u015flemlerden \u00f6nce kesilir.<\/p><p><strong>\u00c7erezler hakk\u0131nda bilgi<\/strong><\/p><p>(1) Web varl\u0131\u011f\u0131m\u0131z\u0131 optimize etmek i\u00e7in \u00e7erezler kullan\u0131yoruz. Bunlar bilgisayar\u0131n\u0131z\u0131n ana belle\u011finde saklanan k\u00fc\u00e7\u00fck metin dosyalar\u0131d\u0131r. Bu \u00e7erezler siz taray\u0131c\u0131y\u0131 kapatt\u0131ktan sonra silinir. Di\u011fer \u00e7erezler bilgisayar\u0131n\u0131zda kal\u0131r (uzun s\u00fcreli \u00e7erezler) ve bir sonraki ziyaretinizde tan\u0131nmas\u0131na izin verir. Bu, sitemize eri\u015fiminizi iyile\u015ftirmemizi sa\u011flar.<br \/>(2) Taray\u0131c\u0131 ayarlar\u0131n\u0131zda \"\u00e7erezleri devre d\u0131\u015f\u0131 b\u0131rak\" se\u00e7ene\u011fini belirleyerek \u00e7erezlerin saklanmas\u0131n\u0131 \u00f6nleyebilirsiniz. Ancak bu, sonu\u00e7 olarak \u0130nternet tekliflerimizin i\u015flevselli\u011fini s\u0131n\u0131rlayabilir.<\/p><p><strong>Facebook'tan sosyal eklentiler<\/strong><\/p><p>Facebook Inc, 1601 S. California Ave, Palo Alto, CA 94304, ABD taraf\u0131ndan i\u015fletilen facebook.com adresindeki sosyal eklentileri kullan\u0131yoruz. Eklentiler, Facebook logosu veya \"Facebook Social Plug-in\" eki arac\u0131l\u0131\u011f\u0131yla tan\u0131nabilir. \u00d6rne\u011fin, \"Be\u011fen\" d\u00fc\u011fmesine t\u0131klarsan\u0131z veya bir yorum b\u0131rak\u0131rsan\u0131z, ilgili bilgiler do\u011frudan taray\u0131c\u0131n\u0131zdan Facebook'a iletilir ve orada saklan\u0131r. Ayr\u0131ca Facebook, be\u011fenilerinizi Facebook arkada\u015flar\u0131n\u0131z i\u00e7in herkese a\u00e7\u0131k hale getirir. Facebook'ta oturum a\u00e7t\u0131ysan\u0131z, sayfam\u0131z\u0131n \u00e7a\u011fr\u0131lmas\u0131n\u0131 do\u011frudan Facebook hesab\u0131n\u0131za atayabilir. Oturum a\u00e7mam\u0131\u015f olsan\u0131z veya bir Facebook hesab\u0131n\u0131z olmasa bile, taray\u0131c\u0131n\u0131z daha sonra Facebook taraf\u0131ndan saklanan bilgileri (\u00f6rne\u011fin hangi web sayfalar\u0131n\u0131 \u00e7a\u011f\u0131rd\u0131\u011f\u0131n\u0131z, IP adresiniz) g\u00f6nderir. Ki\u015fisel verilerinizin Facebook taraf\u0131ndan i\u015flenmesi ve ilgili haklar\u0131n\u0131z hakk\u0131nda ayr\u0131nt\u0131l\u0131 bilgi i\u00e7in l\u00fctfen Facebook'un veri gizlili\u011fi politikas\u0131na bak\u0131n: <a href=\"http:\/\/www.facebook.com\/policy.php\" target=\"_blank\" rel=\"noopener\">http:\/\/www.facebook.com\/policy.php<\/a>. Facebook'un Web sitelerimiz arac\u0131l\u0131\u011f\u0131yla hakk\u0131n\u0131zda toplad\u0131\u011f\u0131 verileri Facebook hesab\u0131n\u0131zla e\u015fle\u015ftirmesini istemiyorsan\u0131z, web sayfalar\u0131m\u0131z\u0131 ziyaret etmeden \u00f6nce Facebook'tan \u00e7\u0131k\u0131\u015f yapmal\u0131s\u0131n\u0131z.<\/p><p><strong>Twitter'dan sosyal eklentiler<\/strong><\/p><p>Twitter ve Retweet i\u015flevleri ile, Twitter Inc. 795 Folsom St., Suite 600, San Francisco, CA 94107 taraf\u0131ndan i\u015fletilen Twitter.com'un sosyal eklentilerini kullan\u0131yoruz. Retweet'i kullan\u0131rsan\u0131z, ziyaret etti\u011finiz web siteleri \u00fc\u00e7\u00fcnc\u00fc taraflara duyurulur ve Twitter hesab\u0131n\u0131zla ili\u015fkilendirilir. Verilerinizin Twitter taraf\u0131ndan i\u015flenmesiyle ilgili ayr\u0131nt\u0131lar\u0131n yan\u0131 s\u0131ra haklar\u0131n\u0131z ve ki\u015fisel bilgilerinizi korumaya y\u00f6nelik ayar se\u00e7enekleriniz Twitter'\u0131n veri gizlili\u011fi politikas\u0131nda bulunabilir:<a href=\"http:\/\/twitter.com\/privacy\" target=\"_blank\" rel=\"noopener\">http:\/\/twitter.com\/privacy <\/a><\/p><p><strong>A\u00e7\u0131klama<\/strong><\/p><p>Federal Veri Koruma Yasas\u0131 uyar\u0131nca, saklanan verileriniz hakk\u0131nda \u00fccretsiz bilgi alma ve muhtemelen bu verilerin d\u00fczeltilmesi, engellenmesi veya silinmesi hakk\u0131na sahipsiniz. Sorular\u0131n\u0131z\u0131 a\u015fa\u011f\u0131daki e-posta adreslerine y\u00f6neltebilirsiniz: ( <a href=\"mailto:info@regenbogen-immo.de\">info@regenbogen-immo.de<\/a> )<\/p><p><i>Kaynak: <\/i><a href=\"http:\/\/www.twigg.de\/\" target=\"_blank\" rel=\"noopener\">http:\/\/www.twigg.de\/<\/a><\/p><\/div>\n        \t\t\t\t<\/div>\n\t\t\t\t<\/div>\n\t\t\t\t\t<\/div>\n\t\t\t\t<\/div>\n\t\t\t\t<\/div>","protected":false},"excerpt":{"rendered":"<p>General Your personal data (e.g. title, name, house address, e-mail address, phone number, bank details, credit card number) are processed by us only in accordance with the provisions of German data privacy laws. The following provisions describe the type, scope and purpose of collecting, processing and utilizing personal data. This data privacy policy applies only &hellip; <\/p>\n<p class=\"link-more\"><a href=\"https:\/\/rgbn-re.savo-lee.com\/tr\/privacy-statement\/\" class=\"more-link\">Daha fazla bilgi edinin <span class=\"screen-reader-text\"> &#8222;Privacy Statement&#8220;<\/span><\/a><\/p>","protected":false},"author":1,"featured_media":0,"parent":0,"menu_order":0,"comment_status":"closed","ping_status":"open","template":"","meta":{"footnotes":""},"class_list":["post-6976","page","type-page","status-publish","hentry"],"_links":{"self":[{"href":"https:\/\/rgbn-re.savo-lee.com\/tr\/wp-json\/wp\/v2\/pages\/6976","targetHints":{"allow":["GET"]}}],"collection":[{"href":"https:\/\/rgbn-re.savo-lee.com\/tr\/wp-json\/wp\/v2\/pages"}],"about":[{"href":"https:\/\/rgbn-re.savo-lee.com\/tr\/wp-json\/wp\/v2\/types\/page"}],"author":[{"embeddable":true,"href":"https:\/\/rgbn-re.savo-lee.com\/tr\/wp-json\/wp\/v2\/users\/1"}],"replies":[{"embeddable":true,"href":"https:\/\/rgbn-re.savo-lee.com\/tr\/wp-json\/wp\/v2\/comments?post=6976"}],"version-history":[{"count":4,"href":"https:\/\/rgbn-re.savo-lee.com\/tr\/wp-json\/wp\/v2\/pages\/6976\/revisions"}],"predecessor-version":[{"id":6983,"href":"https:\/\/rgbn-re.savo-lee.com\/tr\/wp-json\/wp\/v2\/pages\/6976\/revisions\/6983"}],"wp:attachment":[{"href":"https:\/\/rgbn-re.savo-lee.com\/tr\/wp-json\/wp\/v2\/media?parent=6976"}],"curies":[{"name":"wp","href":"https:\/\/api.w.org\/{rel}","templated":true}]}}